{"id":23648,"date":"2019-07-30T09:21:42","date_gmt":"2019-07-30T09:21:42","guid":{"rendered":"https:\/\/humanorganizations.com\/politica-de-privacidad\/"},"modified":"2019-12-03T19:08:58","modified_gmt":"2019-12-03T19:08:58","slug":"privacy-policy","status":"publish","type":"page","link":"https:\/\/humanorganizations.com\/en\/privacy-policy\/","title":{"rendered":"Privacy Policy"},"content":{"rendered":"<p><strong>INFORMACI\u00d3N ADICIONAL SOBRE NUESTRA POL\u00cdTICA DE PROTECCI\u00d3N DE DATOS<\/strong><\/p>\n<p>Cuestiones comunes para todas las actividades de tratamiento:<\/p>\n<p><strong>\u00bfQui\u00e9n se responsabiliza del tratamiento de tus datos?<\/strong><\/p>\n<p>Responsable de los datos: Reinventing Organizations, SL<br \/>\nN\u00famero de documento: B67151613<br \/>\nDirecci\u00f3n fiscal: Calle World Trade Center Moll de Barcelona, Edif. Sur, 2\u00aa planta, s\/n, CP 08039 Barcelona<br \/>\nTel\u00e9fono: 676002353<br \/>\nCorreo electr\u00f3nico: plamagnere@humanorganizations.com<\/p>\n<p><strong>\u00bfCu\u00e1les son tus derechos cuando nos facilitas tus datos? <\/strong><\/p>\n<p>Cualquier persona tiene derecho a obtener confirmaci\u00f3n sobre si estamos tratando datos personales que les conciernen o no. En este sentido, tienes derecho a solicitar:<\/p>\n<p><strong>Acceso: <\/strong>La persona que nos facilita sus datos tendr\u00e1 derecho a obtener del responsable del tratamiento confirmaci\u00f3n de si se est\u00e1n tratando o no los datos que le concierne, as\u00ed como informaci\u00f3n detallada acerca de determinados aspectos del tratamiento que se est\u00e9 llevando a cabo.<\/p>\n<p><strong>Rectificaci\u00f3n:<\/strong> La persona que nos facilita sus datos tendr\u00e1 derecho a obtener la rectificaci\u00f3n de los datos personales inexactos que le conciernen o a que se completen aquellos que fueran incompletos.<\/p>\n<p><strong>Supresi\u00f3n:<\/strong> La persona que nos facilita sus datos tendr\u00e1 derecho a solicitar la supresi\u00f3n de sus datos personales; en todo caso la supresi\u00f3n estar\u00e1 sujeta a los l\u00edmites establecidos en la norma reguladora.<\/p>\n<p><strong>Limitaci\u00f3n de su tratamiento:<\/strong> La persona que nos facilita sus datos tendr\u00e1 derecho a solicitar la limitaci\u00f3n del tratamiento de sus datos de car\u00e1cter personal.<\/p>\n<p><strong>Oposici\u00f3n al tratamiento:<\/strong> En determinadas circunstancias, y por motivos relacionados con su situaci\u00f3n particular, las personas que nos facilitan sus datos podr\u00e1n oponerse al tratamiento de los mismos. La entidad dejar\u00e1 de tratarlos, salvo por motivos leg\u00edtimos, imperiosos, o el ejercicio o la defensa de posibles reclamaciones.<\/p>\n<p><strong>Derecho a la portabilidad de sus datos:<\/strong> La persona que nos facilita sus datos tendr\u00e1 derecho a recibir los datos personales que le incumban, aquellos que haya facilitado a la persona responsable del tratamiento, en un formato estructurado, de uso com\u00fan y de lectura mec\u00e1nica, as\u00ed como a transmitirlos a cualquiera otra persona que pueda ser responsable del tratamiento.<\/p>\n<p>Puede ejercer los referidos derechos dirigi\u00e9ndose a la persona responsable. Para ello, puede utilizar los datos de contacto facilitados al inicio del presente documento. Si desea obtener informaci\u00f3n adicional respecto al ejercicio de sus derechos, tambi\u00e9n puede dirigirse a la Agencia Espa\u00f1ola de Protecci\u00f3n de Datos (AEPD). Asimismo, le informamos que, y si lo cree oportuno, tiene el derecho a retirar en cualquier momento el consentimiento otorgado para alguna finalidad espec\u00edfica, sin que ello afecte a la licitud del tratamiento, basado en el consentimiento previo a su retirada. En el caso de que entienda que no se han atendido adecuadamente sus derechos, puede presentar una reclamaci\u00f3n ante la Agencia Espa\u00f1ola de Protecci\u00f3n de Datos (C\/ Jorge Juan, 6 &#8211; 28001 Madrid o en www.agpd.es).<\/p>\n<p>Cuestiones espec\u00edficas para cada actividad de tratamiento:<\/p>\n<p><strong>TRATAMIENTO DE BRECHAS DE SEGURIDAD <\/strong><\/p>\n<p><strong>\u00bfCon qu\u00e9 finalidad tratamos tus datos personales? <\/strong><\/p>\n<p>La gesti\u00f3n y notificaci\u00f3n de brechas de seguridad<\/p>\n<p><strong>\u00bfDurante cu\u00e1nto tiempo trataremos sus datos? <\/strong><\/p>\n<p>Se conservar\u00e1n durante el tiempo necesario para cumplir con la finalidad para la que se recabaron y para determinar las posibles responsabilidades que se pudieran derivar de dicha finalidad y del tratamiento de los datos. Una vez pasado dicho tiempo ser\u00e1n cancelados \/ suprimidos de oficio.<\/p>\n<p><strong>\u00bfPor qu\u00e9 tratamos tus datos? <\/strong><\/p>\n<p>Obligaci\u00f3n legal del responsable.<\/p>\n<p><strong>\u00bfA qu\u00e9 personas se comunicar\u00e1n tus datos? <\/strong><\/p>\n<p>Otros \u00f3rganos de la administraci\u00f3n p\u00fablica.<\/p>\n<p><strong>TRATAMIENTO DE COMUNICACIONES COMERCIALES <\/strong><\/p>\n<p><strong>\u00bfCon qu\u00e9 finalidad tratamos tus datos personales?\u00a0<\/strong><\/p>\n<p>Realizaci\u00f3n de acciones y comunicaciones comerciales y de marketing para informar y fidelizar clientes<\/p>\n<p><strong>\u00bfDurante cu\u00e1nto tiempo trataremos sus datos?\u00a0<\/strong><\/p>\n<p>Se conservar\u00e1n durante el tiempo necesario para cumplir con la finalidad para la que se recabaron y para determinar las posibles responsabilidades que se pudieran derivar de dicha finalidad y del tratamiento de los datos. Una vez pasado dicho tiempo ser\u00e1n cancelados \/ suprimidos de oficio.<\/p>\n<p><strong>\u00bfPor qu\u00e9 tratamos tus datos?<\/strong><\/p>\n<p>Inter\u00e9s leg\u00edtimo del responsable, Consentimiento del interesado.<\/p>\n<p><strong>\u00bfA qu\u00e9 personas se comunicar\u00e1n tus datos?\u00a0<\/strong><\/p>\n<p>No se ceden datos a terceros, salvo obligaciones legales.<\/p>\n<p><strong>TRATAMIENTO DE CONTACTOS <\/strong><\/p>\n<p><strong>\u00bfCon qu\u00e9 finalidad tratamos tus datos personales? <\/strong><\/p>\n<p>Gestionar y dar respuesta a solicitudes de informaci\u00f3n y presupuesto, as\u00ed como mantener contacto con fines profesionales o empresariales con las personas f\u00edsicas, incluidas las que representan a personas jur\u00eddicas, con las que la entidad mantiene relaci\u00f3n.<\/p>\n<p><strong>\u00bfDurante cu\u00e1nto tiempo trataremos sus datos? <\/strong><\/p>\n<p>Se conservar\u00e1n durante el tiempo necesario para cumplir con la finalidad para la que se recabaron y para determinar las posibles responsabilidades que se pudieran derivar de dicha finalidad y del tratamiento de los datos. Una vez pasado dicho tiempo ser\u00e1n cancelados \/ suprimidos de oficio.<\/p>\n<p><strong>\u00bfPor qu\u00e9 tratamos tus datos? <\/strong><\/p>\n<p>Inter\u00e9s leg\u00edtimo del responsable.<\/p>\n<p><strong>\u00bfA qu\u00e9 personas se comunicar\u00e1n tus datos? <\/strong><\/p>\n<p>No se ceden datos a terceros, salvo obligaciones legales.<\/p>\n<p><strong>TRATAMIENTO DE EJERCICIO DE LOS DERECHOS <\/strong><\/p>\n<p><strong>\u00bfCon qu\u00e9 finalidad tratamos tus datos personales? <\/strong><\/p>\n<p>Gesti\u00f3n del ejercicio de los derechos contemplados en la legislaci\u00f3n de protecci\u00f3n de datos y de las hojas de reclamaciones<\/p>\n<p><strong>\u00bfDurante cu\u00e1nto tiempo trataremos sus datos?<\/strong><\/p>\n<p>Se conservar\u00e1n durante el tiempo necesario para resolver las reclamaciones.<\/p>\n<p><strong>\u00bfPor qu\u00e9 tratamos tus datos? <\/strong><\/p>\n<p>Obligaci\u00f3n legal del responsable.<\/p>\n<p><strong>\u00bfA qu\u00e9 personas se comunicar\u00e1n tus datos? <\/strong><\/p>\n<p>Otros \u00f3rganos de la administraci\u00f3n p\u00fablica.<\/p>\n<p><strong>TRATAMIENTO DE PRESTACI\u00d3N DEL SERVICIO <\/strong><\/p>\n<p><strong>\u00bfCon qu\u00e9 finalidad tratamos tus datos personales? <\/strong><\/p>\n<p>Prestaci\u00f3n propia de nuestros servicios derivados de la actividad, Gesti\u00f3n fiscal y contable con la finalidad de cumplir con obligaciones legales<\/p>\n<p><strong>\u00bfDurante cu\u00e1nto tiempo trataremos sus datos? <\/strong><\/p>\n<p>Se conservar\u00e1n durante el tiempo necesario para cumplir con la finalidad para la que se recabaron y para determinar las posibles responsabilidades que se pudieran derivar de dicha finalidad y del tratamiento de los datos. Una vez pasado dicho tiempo ser\u00e1n cancelados \/ suprimidos de oficio.<\/p>\n<p><strong>\u00bfPor qu\u00e9 tratamos tus datos? <\/strong><\/p>\n<p>Relaci\u00f3n contractual para la ejecuci\u00f3n de un contrato.<\/p>\n<p><strong>\u00bfA qu\u00e9 personas se comunicar\u00e1n tus datos? <\/strong><\/p>\n<p>Administraci\u00f3n tributaria, Organizaciones o personas directamente relacionadas con el responsable.<\/p>\n<p><strong>TRATAMIENTO DE PROVEEDORES <\/strong><\/p>\n<p><strong>\u00bfCon qu\u00e9 finalidad tratamos tus datos personales? <\/strong><\/p>\n<p>Gesti\u00f3n de la relaci\u00f3n comercial con proveedores.<\/p>\n<p><strong>\u00bfDurante cu\u00e1nto tiempo trataremos sus datos? <\/strong><\/p>\n<p>Se conservar\u00e1n durante el tiempo necesario para cumplir con la finalidad para la que se recabaron y para determinar las posibles responsabilidades que se pudieran derivar de dicha finalidad y del tratamiento de los datos. Una vez pasado dicho tiempo ser\u00e1n cancelados \/ suprimidos de oficio.<\/p>\n<p><strong>\u00bfPor qu\u00e9 tratamos tus datos? <\/strong><\/p>\n<p>Relaci\u00f3n contractual para la ejecuci\u00f3n de un contrato.<\/p>\n<p><strong>\u00bfA qu\u00e9 personas se comunicar\u00e1n tus datos? <\/strong><\/p>\n<p>Bancos, cajas de ahorro y cajas rurales, Administraci\u00f3n tributaria.<\/p>\n<p><strong>TRATAMIENTO DE RECURSOS HUMANOS <\/strong><\/p>\n<p><strong>\u00bfCon qu\u00e9 finalidad tratamos tus datos personales? <\/strong><\/p>\n<p>Gesti\u00f3n del personal laboral de la entidad, incluida la prevenci\u00f3n de riesgos laborales y el control horario<\/p>\n<p><strong>\u00bfDurante cu\u00e1nto tiempo trataremos sus datos? <\/strong><\/p>\n<p>Se conservar\u00e1n durante el tiempo necesario para cumplir con la finalidad para la que se recabaron y para determinar las posibles responsabilidades que se pudieran derivar de dicha finalidad y del tratamiento de los datos. Una vez pasado dicho tiempo ser\u00e1n cancelados \/ suprimidos de oficio.<\/p>\n<p><strong>\u00bfPor qu\u00e9 tratamos tus datos? <\/strong><\/p>\n<p>Inter\u00e9s leg\u00edtimo del responsable, Obligaci\u00f3n legal del responsable, Relaci\u00f3n contractual para la ejecuci\u00f3n de un contrato.<\/p>\n<p><strong>\u00bfA qu\u00e9 personas se comunicar\u00e1n tus datos? <\/strong><\/p>\n<p>Organizaciones o personas directamente relacionadas con el responsable, Administraci\u00f3n tributaria, Organismos de la seguridad social, Bancos, cajas de ahorro y cajas rurales, Otros \u00f3rganos de la administraci\u00f3n p\u00fablica.<\/p>\n<p><strong>TRATAMIENTO DE SELECCI\u00d3N DE PERSONAL <\/strong><\/p>\n<p><strong>\u00bfCon qu\u00e9 finalidad tratamos tus datos personales? <\/strong><\/p>\n<p>Gesti\u00f3n de la relaci\u00f3n con los candidatos a un empleo en la entidad<\/p>\n<p><strong>\u00bfDurante cu\u00e1nto tiempo trataremos sus datos? <\/strong><\/p>\n<p>Se conservar\u00e1n durante el tiempo necesario para cumplir con la finalidad para la que se recabaron y para determinar las posibles responsabilidades que se pudieran derivar de dicha finalidad y del tratamiento de los datos. Una vez pasado dicho tiempo ser\u00e1n cancelados \/ suprimidos de oficio.<\/p>\n<p><strong>\u00bfPor qu\u00e9 tratamos tus datos? <\/strong><\/p>\n<p>Consentimiento del interesado.<\/p>\n<p><strong>\u00bfA qu\u00e9 personas se comunicar\u00e1n tus datos? <\/strong><\/p>\n<p>No se ceden datos a terceros, salvo obligaciones legales.<\/p>\n","protected":false},"excerpt":{"rendered":"<p>INFORMACI\u00d3N ADICIONAL SOBRE NUESTRA POL\u00cdTICA DE PROTECCI\u00d3N DE DATOS Cuestiones comunes para todas las actividades de tratamiento: \u00bfQui\u00e9n se responsabiliza del tratamiento de tus datos? Responsable de los datos: Reinventing Organizations, SL N\u00famero de documento: B67151613 Direcci\u00f3n fiscal: Calle World Trade Center Moll de Barcelona,&#8230;<\/p>\n","protected":false},"author":1,"featured_media":0,"parent":0,"menu_order":0,"comment_status":"closed","ping_status":"closed","template":"","meta":{"_acf_changed":false,"footnotes":""},"class_list":["post-23648","page","type-page","status-publish","hentry"],"acf":[],"yoast_head":"<!-- This site is optimized with the Yoast SEO plugin v25.0 - https:\/\/yoast.com\/wordpress\/plugins\/seo\/ -->\n<title>Privacy Policy - Human Organizations<\/title>\n<meta name=\"robots\" content=\"index, follow, max-snippet:-1, max-image-preview:large, max-video-preview:-1\" \/>\n<link rel=\"canonical\" href=\"https:\/\/humanorganizations.com\/en\/privacy-policy\/\" \/>\n<meta property=\"og:locale\" content=\"en_US\" \/>\n<meta property=\"og:type\" content=\"article\" \/>\n<meta property=\"og:title\" content=\"Privacy Policy - Human Organizations\" \/>\n<meta property=\"og:description\" content=\"INFORMACI\u00d3N ADICIONAL SOBRE NUESTRA POL\u00cdTICA DE PROTECCI\u00d3N DE DATOS Cuestiones comunes para todas las actividades de tratamiento: \u00bfQui\u00e9n se responsabiliza del tratamiento de tus datos? Responsable de los datos: Reinventing Organizations, SL N\u00famero de documento: B67151613 Direcci\u00f3n fiscal: Calle World Trade Center Moll de Barcelona,...\" \/>\n<meta property=\"og:url\" content=\"https:\/\/humanorganizations.com\/en\/privacy-policy\/\" \/>\n<meta property=\"og:site_name\" content=\"Human Organizations\" \/>\n<meta property=\"article:modified_time\" content=\"2019-12-03T19:08:58+00:00\" \/>\n<meta name=\"twitter:card\" content=\"summary_large_image\" \/>\n<meta name=\"twitter:label1\" content=\"Est. reading time\" \/>\n\t<meta name=\"twitter:data1\" content=\"7 minutes\" \/>\n<script type=\"application\/ld+json\" class=\"yoast-schema-graph\">{\"@context\":\"https:\/\/schema.org\",\"@graph\":[{\"@type\":\"WebPage\",\"@id\":\"https:\/\/humanorganizations.com\/en\/privacy-policy\/\",\"url\":\"https:\/\/humanorganizations.com\/en\/privacy-policy\/\",\"name\":\"Privacy Policy - Human Organizations\",\"isPartOf\":{\"@id\":\"https:\/\/humanorganizations.com\/#website\"},\"datePublished\":\"2019-07-30T09:21:42+00:00\",\"dateModified\":\"2019-12-03T19:08:58+00:00\",\"breadcrumb\":{\"@id\":\"https:\/\/humanorganizations.com\/en\/privacy-policy\/#breadcrumb\"},\"inLanguage\":\"en-US\",\"potentialAction\":[{\"@type\":\"ReadAction\",\"target\":[\"https:\/\/humanorganizations.com\/en\/privacy-policy\/\"]}]},{\"@type\":\"BreadcrumbList\",\"@id\":\"https:\/\/humanorganizations.com\/en\/privacy-policy\/#breadcrumb\",\"itemListElement\":[{\"@type\":\"ListItem\",\"position\":1,\"name\":\"Portada\",\"item\":\"https:\/\/humanorganizations.com\/en\/\"},{\"@type\":\"ListItem\",\"position\":2,\"name\":\"Privacy Policy\"}]},{\"@type\":\"WebSite\",\"@id\":\"https:\/\/humanorganizations.com\/#website\",\"url\":\"https:\/\/humanorganizations.com\/\",\"name\":\"Human Organizations\",\"description\":\"\",\"potentialAction\":[{\"@type\":\"SearchAction\",\"target\":{\"@type\":\"EntryPoint\",\"urlTemplate\":\"https:\/\/humanorganizations.com\/?s={search_term_string}\"},\"query-input\":{\"@type\":\"PropertyValueSpecification\",\"valueRequired\":true,\"valueName\":\"search_term_string\"}}],\"inLanguage\":\"en-US\"}]}<\/script>\n<!-- \/ Yoast SEO plugin. -->","yoast_head_json":{"title":"Privacy Policy - Human Organizations","robots":{"index":"index","follow":"follow","max-snippet":"max-snippet:-1","max-image-preview":"max-image-preview:large","max-video-preview":"max-video-preview:-1"},"canonical":"https:\/\/humanorganizations.com\/en\/privacy-policy\/","og_locale":"en_US","og_type":"article","og_title":"Privacy Policy - Human Organizations","og_description":"INFORMACI\u00d3N ADICIONAL SOBRE NUESTRA POL\u00cdTICA DE PROTECCI\u00d3N DE DATOS Cuestiones comunes para todas las actividades de tratamiento: \u00bfQui\u00e9n se responsabiliza del tratamiento de tus datos? Responsable de los datos: Reinventing Organizations, SL N\u00famero de documento: B67151613 Direcci\u00f3n fiscal: Calle World Trade Center Moll de Barcelona,...","og_url":"https:\/\/humanorganizations.com\/en\/privacy-policy\/","og_site_name":"Human Organizations","article_modified_time":"2019-12-03T19:08:58+00:00","twitter_card":"summary_large_image","twitter_misc":{"Est. reading time":"7 minutes"},"schema":{"@context":"https:\/\/schema.org","@graph":[{"@type":"WebPage","@id":"https:\/\/humanorganizations.com\/en\/privacy-policy\/","url":"https:\/\/humanorganizations.com\/en\/privacy-policy\/","name":"Privacy Policy - Human Organizations","isPartOf":{"@id":"https:\/\/humanorganizations.com\/#website"},"datePublished":"2019-07-30T09:21:42+00:00","dateModified":"2019-12-03T19:08:58+00:00","breadcrumb":{"@id":"https:\/\/humanorganizations.com\/en\/privacy-policy\/#breadcrumb"},"inLanguage":"en-US","potentialAction":[{"@type":"ReadAction","target":["https:\/\/humanorganizations.com\/en\/privacy-policy\/"]}]},{"@type":"BreadcrumbList","@id":"https:\/\/humanorganizations.com\/en\/privacy-policy\/#breadcrumb","itemListElement":[{"@type":"ListItem","position":1,"name":"Portada","item":"https:\/\/humanorganizations.com\/en\/"},{"@type":"ListItem","position":2,"name":"Privacy Policy"}]},{"@type":"WebSite","@id":"https:\/\/humanorganizations.com\/#website","url":"https:\/\/humanorganizations.com\/","name":"Human Organizations","description":"","potentialAction":[{"@type":"SearchAction","target":{"@type":"EntryPoint","urlTemplate":"https:\/\/humanorganizations.com\/?s={search_term_string}"},"query-input":{"@type":"PropertyValueSpecification","valueRequired":true,"valueName":"search_term_string"}}],"inLanguage":"en-US"}]}},"_links":{"self":[{"href":"https:\/\/humanorganizations.com\/en\/wp-json\/wp\/v2\/pages\/23648","targetHints":{"allow":["GET"]}}],"collection":[{"href":"https:\/\/humanorganizations.com\/en\/wp-json\/wp\/v2\/pages"}],"about":[{"href":"https:\/\/humanorganizations.com\/en\/wp-json\/wp\/v2\/types\/page"}],"author":[{"embeddable":true,"href":"https:\/\/humanorganizations.com\/en\/wp-json\/wp\/v2\/users\/1"}],"replies":[{"embeddable":true,"href":"https:\/\/humanorganizations.com\/en\/wp-json\/wp\/v2\/comments?post=23648"}],"version-history":[{"count":1,"href":"https:\/\/humanorganizations.com\/en\/wp-json\/wp\/v2\/pages\/23648\/revisions"}],"predecessor-version":[{"id":23662,"href":"https:\/\/humanorganizations.com\/en\/wp-json\/wp\/v2\/pages\/23648\/revisions\/23662"}],"wp:attachment":[{"href":"https:\/\/humanorganizations.com\/en\/wp-json\/wp\/v2\/media?parent=23648"}],"curies":[{"name":"wp","href":"https:\/\/api.w.org\/{rel}","templated":true}]}}