{"id":22294,"date":"2017-05-22T14:18:21","date_gmt":"2017-05-22T14:18:21","guid":{"rendered":"https:\/\/humanorganizations.com\/?page_id=22294"},"modified":"2019-09-17T14:06:35","modified_gmt":"2019-09-17T14:06:35","slug":"mentions-legales","status":"publish","type":"page","link":"https:\/\/humanorganizations.com\/fr\/mentions-legales\/","title":{"rendered":"Mentions l\u00e9gales"},"content":{"rendered":"<p><strong>Introduction:<\/strong><\/p>\n<p>Le pr\u00e9sent document a pour objet d&rsquo;\u00e9tablir et de r\u00e9glementer les r\u00e8gles d&rsquo;utilisation de ce portail Web, c&rsquo;est-\u00e0-dire toutes les pages et leur contenu, propri\u00e9t\u00e9 de Reinventing Organizations, SL, qui sont accessibles via le domaine https:\/\/humanorganizations.com\/. L&rsquo;utilisation du portail Web attribue la condition d&rsquo;utilisateur de ce dit portail et implique l&rsquo;acceptation de toutes les conditions incluses dans le document pr\u00e9sent. L&rsquo;utilisateur s&rsquo;engage \u00e0 lire attentivement la pr\u00e9sente notice l\u00e9gale chaque fois qu&rsquo;il compte utiliser notre portail Web, car les conditions d&rsquo;utilisation contenues dans la pr\u00e9sente notice l\u00e9gale sont susceptibles de modifications.<\/p>\n<p><strong>Donn\u00e9es d&rsquo;identification :<\/strong><\/p>\n<p>Conform\u00e9ment au devoir d&rsquo;information pr\u00e9vu \u00e0 l&rsquo;article 10 de la loi n \u00b0 34\/2002 du 11 juillet sur les services de la soci\u00e9t\u00e9 de l&rsquo;information et du commerce \u00e9lectronique, les donn\u00e9es suivantes sont refl\u00e9t\u00e9es ci-dessous:<\/p>\n<p>Nom de la soci\u00e9t\u00e9: Reinventing Organizations, SL<\/p>\n<p>CIF: B67151613<\/p>\n<p>Adresse: World Trade Center, Calle Moll de Barcelona, Edif. Sur, 2\u00aa planta, s\/n, CP 08039 Barcelona<\/p>\n<p>T\u00e9l\u00e9phone: +34 676002353<\/p>\n<p>Courriel: plamagnere@humanorganizations.com<\/p>\n<p>Nom de domaine: https:\/\/humanorganizations.com\/<\/p>\n<p><strong>Utilisateurs et utilisateurs:<\/strong><\/p>\n<p>L\u2019acc\u00e8s et l\u2019utilisation de ce portail attribue la condition UTILISATEUR\/UTILISATRICE\u00a0 qui accepte, \u00e0 partir des dits acc\u00e8s et utilisation, les Conditions g\u00e9n\u00e9rales d\u2019utilisation refl\u00e9t\u00e9es ici. Les conditions seront applicables quelles que soient les conditions g\u00e9n\u00e9rales de contrat qui, le cas \u00e9ch\u00e9ant, sont obligatoires.<\/p>\n<p><strong>Utilisation du portail:<\/strong><\/p>\n<p>Fournit un acc\u00e8s \u00e0 diverses informations sur notre entit\u00e9, des sections de contact, des hyperliens vers des r\u00e9seaux sociaux, ci-apr\u00e8s des contenus appartenant \u00e0 Reinventing Organizations, SL, ou \u00e0 ses conc\u00e9dants de licence, auxquels l&rsquo;utilisateur ou l&rsquo;utilisatrice peut avoir acc\u00e8s. L&rsquo;utilisateur et l&rsquo;utilisatrice assume la responsabilit\u00e9 de l&rsquo;utilisation du portail. Cette responsabilit\u00e9 s&rsquo;\u00e9tend \u00e0 l&rsquo;enregistrement n\u00e9cessaire pour acc\u00e9der \u00e0 certains services ou contenus, ou pour permettre la r\u00e9ponse \u00e0 vos questions dans les sections de contact de ce site Web, etc. Dans ledit registre, l&rsquo;utilisateur ou l&rsquo;utilisateur sera responsable de fournir des informations v\u00e9ridiques et licites.<\/p>\n<p><strong>Propri\u00e9t\u00e9 intellectuelle et industrielle :<\/strong><\/p>\n<p>Reinventing Organizations, SL, en elle-m\u00eame ou en tant que cessionnaire, est propri\u00e9taire de tous les droits de propri\u00e9t\u00e9 intellectuelle et industrielle de son site web, ainsi que des \u00e9l\u00e9ments qui y sont contenus (\u00e0 titre d&rsquo;exemple: images, son, audio, vid\u00e9o, logiciels ou des textes; marques ou logos, combinaisons de couleurs, structure et design, s\u00e9lection des mat\u00e9riaux utilis\u00e9s, programmes informatiques n\u00e9cessaires \u00e0 leur fonctionnement, acc\u00e8s et utilisation, etc.). Tous droits r\u00e9serv\u00e9s. En vertu des dispositions des articles 8 et 32.2, deuxi\u00e8me alin\u00e9a de la loi sur la propri\u00e9t\u00e9 intellectuelle, la reproduction, la distribution et la communication au public, y compris son mode de mise \u00e0 disposition, de tout ou partie du contenu de ce site, \u00e0 des fins commerciales, sur tout support et par tout moyen technique, sans l&rsquo;autorisation de Reinventing Organizations, SL. \u00c0 aucun moment, sauf indication expresse contraire, l&rsquo;acc\u00e8s, la navigation ou l&rsquo;utilisation du site Web ou de son contenu ne conf\u00e8re \u00e0 l&rsquo;utilisateur ou \u00e0 l&rsquo;utilisatrice aucun droit sur les signes distinctifs qui y sont inclus. L&rsquo;utilisateur ou l&rsquo;utilisatrice s&rsquo;engage \u00e0 respecter les droits de la propri\u00e9t\u00e9 intellectuelle et industrielle appartenant \u00e0 Reinventing Organizations, SL. Dans le cas o\u00f9 l&rsquo;utilisateur ou l&rsquo;utilisatrice envoie des informations de toute nature \u00e0 Reinventing Organizations, SL par le biais de n&rsquo;importe quel canal activ\u00e9 par notre portail web, \u00a0l&rsquo;un des canaux activ\u00e9s, l\u2019utilisateur ou l&rsquo;utilisatrice d\u00e9clare, garantit et accepte qu\u2019il a le droit de le faire en toute libert\u00e9, que lesdites informations ne violent aucun droit de propri\u00e9t\u00e9 intellectuelle, industrielle ou tout autre droit de tiers, et que ces informations ne sont ni confidentielles, ni confidentielles ni nuisibles aux tiers.<\/p>\n<p><strong>Exclusion de garanties et de responsabilit\u00e9:<\/strong><\/p>\n<p>Reinventing Organizations, SL n\u2019est en aucun cas responsable des dommages et pertes de quelque nature que ce soit pouvant \u00eatre caus\u00e9s, \u00e0 titre d&rsquo;exemple: erreurs ou omissions dans le contenu, manque de disponibilit\u00e9 du portail ou transmission de virus ou de programmes malveillants ou nuisibles dans le contenu, bien qu\u2019il ait adopt\u00e9 toutes les mesures techniques n\u00e9cessaires pour l\u2019\u00e9viter. Le contenu, les informations et les conseils exprim\u00e9s dans ce portail Web doivent \u00eatre compris uniquement \u00e0 titre indicatif. Reinventing Organizations, SL ne r\u00e9pond en aucune mani\u00e8re \u00e0 leur efficacit\u00e9 ni \u00e0 leur exactitude, \u00e9tant d\u00e9gag\u00e9 de toute responsabilit\u00e9 vis-\u00e0-vis des utilisateurs qui les utilisent. Sur ce site, peuvent \u00eatre publi\u00e9s du contenu et des commentaires fournis par des tiers. Reinventing Organizations, SL n\u2019est pas responsable de la v\u00e9racit\u00e9 et de l\u2019exactitude de ces informations, elle est donc exon\u00e9r\u00e9e de toute responsabilit\u00e9 vis-\u00e0-vis des utilisateurs et des utilisatrices qui les utilisent. Reinventing Organizations, SL se r\u00e9serve le droit de modifier le contenu du site sans pr\u00e9avis et sans aucune limitation. De m\u00eame, la soci\u00e9t\u00e9 d\u00e9cline toute responsabilit\u00e9 pour les dommages pouvant \u00eatre caus\u00e9s par le manque de disponibilit\u00e9 ou de continuit\u00e9 de ce site et des services offerts. Nous ne pouvons pas non plus garantir l&rsquo;absence de virus ou d&rsquo;autres \u00e9l\u00e9ments sur le Web susceptibles d&rsquo;alt\u00e9rer votre syst\u00e8me informatique. Reinventing Organizations, SL d\u00e9cline toute responsabilit\u00e9 pour les services et les informations fournis dans les autres sites qui y sont li\u00e9s, dans la mesure o\u00f9 elle ne contr\u00f4le ni n&rsquo;exerce aucun type de supervision sur les sites Web de tiers. Nous informons les utilisateurs et les utilisatrices: \u00a0agissez avec prudence et consultez les \u00e9ventuelles conditions l\u00e9gales expos\u00e9es dans ces sites Web. De m\u00eame, les utilisateurs qui envoient tout type d\u2019informations s\u2019assurent que ces informations sont v\u00e9ridiques et qu\u2019elles ne violent aucun droit de tiers ni la l\u00e9gislation en vigueur. Si vous estimez que tout contenu ou toute information figurant sur ce site enfreint un droit l\u00e9gitime ou une loi en vigueur, nous vous serions tr\u00e8s reconnaissants de bien vouloir nous contacter par les moyens que vous jugerez appropri\u00e9s \u00e0 l&rsquo;adresse \u00e9lectronique plamagnere@humanorganizations.com ou au num\u00e9ro de t\u00e9l\u00e9phone suivant +34676002353 afin que nous puissions prendre les mesures appropri\u00e9es.<\/p>\n<p><strong>Modifications:<\/strong><\/p>\n<p>Reinventing Organizations, SL se r\u00e9serve le droit de proc\u00e9der sans pr\u00e9avis aux modifications qu\u2019il jugera appropri\u00e9es sur son portail, afin de pouvoir modifier, supprimer ou ajouter le contenu et les services fournis par son interm\u00e9diaire, ainsi que la mani\u00e8re dont ils sont pr\u00e9sent\u00e9s ou situ\u00e9 dans son portail.<\/p>\n<p><strong>Liens:<\/strong><\/p>\n<p>Au cas o\u00f9 des liens ou des hyperliens avec d&rsquo;autres sites Internet soient lanc\u00e9s depuis le domaine de Reinventing Organizations, SL n&rsquo;exercera aucun type de contr\u00f4le sur lesdits sites et contenus. Reinventing Organizations, SL ne peut en aucun cas \u00eatre tenu pour responsable du contenu de tout lien appartenant \u00e0 un site Web tiers, ni garantir la disponibilit\u00e9 technique, la qualit\u00e9, la fiabilit\u00e9, la pr\u00e9cision, l&rsquo;\u00e9tendue, la v\u00e9racit\u00e9, la validit\u00e9 et la constitutionnalit\u00e9 de tout mat\u00e9riel ou de toute information contenue dans tout \u00e9l\u00e9ment, liens hypertextes ou d\u2019autres sites Internet. De m\u00eame, l&rsquo;inclusion de ces connexions externes n&rsquo;impliquera aucun type d&rsquo;association, de fusion ou de participation avec les entit\u00e9s connect\u00e9es. L&rsquo;utilisateur ou l&rsquo;utilisatrice reconna\u00eet et accepte que Reinventing Organizations, SL ne sera pas responsable des pertes ou des dommages que l&rsquo;utilisateur ou l&rsquo;utilisatrice pourrait subir en raison de la disponibilit\u00e9 des sites Web ou des ressources externes susmentionn\u00e9s, ou en cons\u00e9quence de la cr\u00e9dibilit\u00e9 qu&rsquo;offre l&rsquo;int\u00e9gralit\u00e9, la pr\u00e9cision ou l&rsquo;existence de tout type de publicit\u00e9, produits ou autres mat\u00e9riels propos\u00e9s par le biais de ces sites internet et autres ressources.<\/p>\n<p><strong>Droit d&rsquo;exclusion:<\/strong><\/p>\n<p>Reinventing Organizations, SL se r\u00e9serve le droit de refuser ou de retirer l&rsquo;acc\u00e8s au portail ou aux services offerts sans pr\u00e9avis, \u00e0 sa propre demande ou par des tiers, aux utilisateurs et aux utilisatrices qui enfreignent les pr\u00e9sentes conditions g\u00e9n\u00e9rales d&rsquo;utilisation.<\/p>\n<p><strong>G\u00e9n\u00e9ralit\u00e9s:<\/strong><\/p>\n<p>Reinventing Organizations, SL poursuivra la violation de ces conditions, ainsi que toute utilisation abusive de son site Web, en exer\u00e7ant toutes les actions civiles et p\u00e9nales qui pourraient correspondre \u00e0 la loi.<\/p>\n<p><strong>L\u00e9gislation applicable et juridiction :<\/strong><\/p>\n<p>La relation entre Reinventing Organizations, SL et l&rsquo;utilisateur ou l&rsquo;utilisatrice sera r\u00e9gie par la r\u00e9glementation espagnole en vigueur. Et \u00e0 condition que les r\u00e8glements en vigueur \u00e0 cet effet pr\u00e9voient la possibilit\u00e9 pour les parties de soumettre \u00e0 une juridiction donn\u00e9e, tout litige entre la personne responsable du site et l&rsquo;utilisateur ou l&rsquo;utilisatrice sera soumis aux tribunaux\u00a0 de la ville de Barcelone.<\/p>\n<p><strong>Plateforme europ\u00e9enne de r\u00e9solution des litiges en ligne:<\/strong><\/p>\n<p>Nous vous informons qu&rsquo;en cas de probl\u00e8me pouvant r\u00e9sulter du service ou du produit vendu sous contrat, vous pouvez utiliser la plate-forme europ\u00e9enne de r\u00e9solution des litiges en ligne, \u00e0 savoir: https:\/\/ec.europa.eu\/consumers\/odr\/main\/index.cfm? event = main.home.show &amp; lng = ES.<\/p>\n","protected":false},"excerpt":{"rendered":"<p>Introduction: Le pr\u00e9sent document a pour objet d&rsquo;\u00e9tablir et de r\u00e9glementer les r\u00e8gles d&rsquo;utilisation de ce portail Web, c&rsquo;est-\u00e0-dire toutes les pages et leur contenu, propri\u00e9t\u00e9 de Reinventing Organizations, SL, qui sont accessibles via le domaine https:\/\/humanorganizations.com\/. L&rsquo;utilisation du portail Web attribue la condition d&rsquo;utilisateur&#8230;<\/p>\n","protected":false},"author":1,"featured_media":0,"parent":0,"menu_order":0,"comment_status":"closed","ping_status":"closed","template":"","meta":{"_acf_changed":false,"footnotes":""},"class_list":["post-22294","page","type-page","status-publish","hentry"],"acf":[],"yoast_head":"<!-- This site is optimized with the Yoast SEO plugin v25.0 - https:\/\/yoast.com\/wordpress\/plugins\/seo\/ -->\n<title>Mentions l\u00e9gales - Human Organizations<\/title>\n<meta name=\"robots\" content=\"index, follow, max-snippet:-1, max-image-preview:large, max-video-preview:-1\" \/>\n<link rel=\"canonical\" href=\"https:\/\/humanorganizations.com\/fr\/mentions-legales\/\" \/>\n<meta property=\"og:locale\" content=\"fr_FR\" \/>\n<meta property=\"og:type\" content=\"article\" \/>\n<meta property=\"og:title\" content=\"Mentions l\u00e9gales - Human Organizations\" \/>\n<meta property=\"og:description\" content=\"Introduction: Le pr\u00e9sent document a pour objet d&rsquo;\u00e9tablir et de r\u00e9glementer les r\u00e8gles d&rsquo;utilisation de ce portail Web, c&rsquo;est-\u00e0-dire toutes les pages et leur contenu, propri\u00e9t\u00e9 de Reinventing Organizations, SL, qui sont accessibles via le domaine https:\/\/humanorganizations.com\/. L&rsquo;utilisation du portail Web attribue la condition d&rsquo;utilisateur...\" \/>\n<meta property=\"og:url\" content=\"https:\/\/humanorganizations.com\/fr\/mentions-legales\/\" \/>\n<meta property=\"og:site_name\" content=\"Human Organizations\" \/>\n<meta property=\"article:modified_time\" content=\"2019-09-17T14:06:35+00:00\" \/>\n<meta name=\"twitter:card\" content=\"summary_large_image\" \/>\n<meta name=\"twitter:label1\" content=\"Dur\u00e9e de lecture estim\u00e9e\" \/>\n\t<meta name=\"twitter:data1\" content=\"8 minutes\" \/>\n<script type=\"application\/ld+json\" class=\"yoast-schema-graph\">{\"@context\":\"https:\/\/schema.org\",\"@graph\":[{\"@type\":\"WebPage\",\"@id\":\"https:\/\/humanorganizations.com\/fr\/mentions-legales\/\",\"url\":\"https:\/\/humanorganizations.com\/fr\/mentions-legales\/\",\"name\":\"Mentions l\u00e9gales - Human Organizations\",\"isPartOf\":{\"@id\":\"https:\/\/humanorganizations.com\/#website\"},\"datePublished\":\"2017-05-22T14:18:21+00:00\",\"dateModified\":\"2019-09-17T14:06:35+00:00\",\"breadcrumb\":{\"@id\":\"https:\/\/humanorganizations.com\/fr\/mentions-legales\/#breadcrumb\"},\"inLanguage\":\"fr-FR\",\"potentialAction\":[{\"@type\":\"ReadAction\",\"target\":[\"https:\/\/humanorganizations.com\/fr\/mentions-legales\/\"]}]},{\"@type\":\"BreadcrumbList\",\"@id\":\"https:\/\/humanorganizations.com\/fr\/mentions-legales\/#breadcrumb\",\"itemListElement\":[{\"@type\":\"ListItem\",\"position\":1,\"name\":\"Portada\",\"item\":\"https:\/\/humanorganizations.com\/fr\/\"},{\"@type\":\"ListItem\",\"position\":2,\"name\":\"Mentions l\u00e9gales\"}]},{\"@type\":\"WebSite\",\"@id\":\"https:\/\/humanorganizations.com\/#website\",\"url\":\"https:\/\/humanorganizations.com\/\",\"name\":\"Human Organizations\",\"description\":\"\",\"potentialAction\":[{\"@type\":\"SearchAction\",\"target\":{\"@type\":\"EntryPoint\",\"urlTemplate\":\"https:\/\/humanorganizations.com\/?s={search_term_string}\"},\"query-input\":{\"@type\":\"PropertyValueSpecification\",\"valueRequired\":true,\"valueName\":\"search_term_string\"}}],\"inLanguage\":\"fr-FR\"}]}<\/script>\n<!-- \/ Yoast SEO plugin. -->","yoast_head_json":{"title":"Mentions l\u00e9gales - Human Organizations","robots":{"index":"index","follow":"follow","max-snippet":"max-snippet:-1","max-image-preview":"max-image-preview:large","max-video-preview":"max-video-preview:-1"},"canonical":"https:\/\/humanorganizations.com\/fr\/mentions-legales\/","og_locale":"fr_FR","og_type":"article","og_title":"Mentions l\u00e9gales - Human Organizations","og_description":"Introduction: Le pr\u00e9sent document a pour objet d&rsquo;\u00e9tablir et de r\u00e9glementer les r\u00e8gles d&rsquo;utilisation de ce portail Web, c&rsquo;est-\u00e0-dire toutes les pages et leur contenu, propri\u00e9t\u00e9 de Reinventing Organizations, SL, qui sont accessibles via le domaine https:\/\/humanorganizations.com\/. L&rsquo;utilisation du portail Web attribue la condition d&rsquo;utilisateur...","og_url":"https:\/\/humanorganizations.com\/fr\/mentions-legales\/","og_site_name":"Human Organizations","article_modified_time":"2019-09-17T14:06:35+00:00","twitter_card":"summary_large_image","twitter_misc":{"Dur\u00e9e de lecture estim\u00e9e":"8 minutes"},"schema":{"@context":"https:\/\/schema.org","@graph":[{"@type":"WebPage","@id":"https:\/\/humanorganizations.com\/fr\/mentions-legales\/","url":"https:\/\/humanorganizations.com\/fr\/mentions-legales\/","name":"Mentions l\u00e9gales - Human Organizations","isPartOf":{"@id":"https:\/\/humanorganizations.com\/#website"},"datePublished":"2017-05-22T14:18:21+00:00","dateModified":"2019-09-17T14:06:35+00:00","breadcrumb":{"@id":"https:\/\/humanorganizations.com\/fr\/mentions-legales\/#breadcrumb"},"inLanguage":"fr-FR","potentialAction":[{"@type":"ReadAction","target":["https:\/\/humanorganizations.com\/fr\/mentions-legales\/"]}]},{"@type":"BreadcrumbList","@id":"https:\/\/humanorganizations.com\/fr\/mentions-legales\/#breadcrumb","itemListElement":[{"@type":"ListItem","position":1,"name":"Portada","item":"https:\/\/humanorganizations.com\/fr\/"},{"@type":"ListItem","position":2,"name":"Mentions l\u00e9gales"}]},{"@type":"WebSite","@id":"https:\/\/humanorganizations.com\/#website","url":"https:\/\/humanorganizations.com\/","name":"Human Organizations","description":"","potentialAction":[{"@type":"SearchAction","target":{"@type":"EntryPoint","urlTemplate":"https:\/\/humanorganizations.com\/?s={search_term_string}"},"query-input":{"@type":"PropertyValueSpecification","valueRequired":true,"valueName":"search_term_string"}}],"inLanguage":"fr-FR"}]}},"_links":{"self":[{"href":"https:\/\/humanorganizations.com\/fr\/wp-json\/wp\/v2\/pages\/22294","targetHints":{"allow":["GET"]}}],"collection":[{"href":"https:\/\/humanorganizations.com\/fr\/wp-json\/wp\/v2\/pages"}],"about":[{"href":"https:\/\/humanorganizations.com\/fr\/wp-json\/wp\/v2\/types\/page"}],"author":[{"embeddable":true,"href":"https:\/\/humanorganizations.com\/fr\/wp-json\/wp\/v2\/users\/1"}],"replies":[{"embeddable":true,"href":"https:\/\/humanorganizations.com\/fr\/wp-json\/wp\/v2\/comments?post=22294"}],"version-history":[{"count":9,"href":"https:\/\/humanorganizations.com\/fr\/wp-json\/wp\/v2\/pages\/22294\/revisions"}],"predecessor-version":[{"id":23452,"href":"https:\/\/humanorganizations.com\/fr\/wp-json\/wp\/v2\/pages\/22294\/revisions\/23452"}],"wp:attachment":[{"href":"https:\/\/humanorganizations.com\/fr\/wp-json\/wp\/v2\/media?parent=22294"}],"curies":[{"name":"wp","href":"https:\/\/api.w.org\/{rel}","templated":true}]}}