{"id":22309,"date":"2017-05-22T14:24:46","date_gmt":"2017-05-22T14:24:46","guid":{"rendered":"https:\/\/humanorganizations.com\/?page_id=22309"},"modified":"2019-06-04T15:22:37","modified_gmt":"2019-06-04T15:22:37","slug":"defis","status":"publish","type":"page","link":"https:\/\/humanorganizations.com\/fr\/defis\/","title":{"rendered":"D\u00e9fis"},"content":{"rendered":"<div class=\"wpb-content-wrapper\"><p>[vc_row row_type=\u00a0\u00bbrow\u00a0\u00bb use_row_as_full_screen_section=\u00a0\u00bbno\u00a0\u00bb type=\u00a0\u00bbfull_width\u00a0\u00bb text_align=\u00a0\u00bbleft\u00a0\u00bb background_animation=\u00a0\u00bbnone\u00a0\u00bb css_animation=\u00a0\u00bb\u00a0\u00bb][vc_column][vc_single_image image=\u00a0\u00bb23063&Prime; img_size=\u00a0\u00bbfull\u00a0\u00bb alignment=\u00a0\u00bbcenter\u00a0\u00bb qode_css_animation=\u00a0\u00bb\u00a0\u00bb][vc_empty_space height=\u00a0\u00bb50px\u00a0\u00bb][vc_column_text]<\/p>\n<h5>CE QUE VOUS NOUS DITES<\/h5>\n<p>[\/vc_column_text][vc_empty_space][\/vc_column][\/vc_row][vc_row row_type=\u00a0\u00bbrow\u00a0\u00bb use_row_as_full_screen_section=\u00a0\u00bbno\u00a0\u00bb type=\u00a0\u00bbfull_width\u00a0\u00bb text_align=\u00a0\u00bbleft\u00a0\u00bb background_animation=\u00a0\u00bbnone\u00a0\u00bb css_animation=\u00a0\u00bb\u00a0\u00bb][vc_column width=\u00a0\u00bb1\/2&Prime;]<div class='q_icon_with_title medium circle left_from_title'><div class=\"icon_text_holder\" style=\"\"><div class=\"icon_text_inner\" style=\"\"><div class=\"icon_title_holder\"><div class=\"icon_holder \" style=\" \"><div class=\"icon_holder_inner\"><span class=\"fa-stack fa-3x  custom-font\" style=\"color: #913f87;border-color: #913f87;background-color: #ffffff;border-width: 2px;\"><i class=\"icon_text_icon fa fa-group fa-stack-1x\"><\/i><\/span><\/div><\/div><h4 class=\"icon_title\" style=\"\">SUR VOTRE \u00c9QUIPE<\/h4><\/div><p style=''><\/p><\/div><\/div><\/div>[vc_column_text css=\u00a0\u00bb.vc_custom_1497352964832{padding-top: 5px !important;padding-right: 5px !important;padding-bottom: 5px !important;padding-left: 5px !important;}\u00a0\u00bb el_class=\u00a0\u00bbjustify\u00a0\u00bb]<\/p>\n<ul>\n<li>Les membres de votre comit\u00e9 de direction sont de grands professionnels mais chacun travaille de son c\u00f4t\u00e9.<\/li>\n<li>Suite \u00e0 une fusion avec votre concurrent direct, la nouvelle \u00e9quipe a du mal \u00e0 s&rsquo;adapter \u00e0 votre politique d&rsquo;entreprise et \u00e0 appliquer les nouveaux processus.<\/li>\n<li>Certains d\u00e9partements de votre entreprise ne collaborent pas entre eux et cela impacte vos clients n\u00e9gativement.<\/li>\n<\/ul>\n<p>[\/vc_column_text][vc_empty_space]<a href=\"https:\/\/humanorganizations.com\/defis\/sur-vos-equipes\/\" target=\"_self\" data-hover-background-color='#913f87'  class=\"qbutton \" style=\"color: #ffffff; border-color: #913f87; border-radius: 2px;-moz-border-radius: 2px;-webkit-border-radius: 2px; background-color: #717171;\">En voir plus<\/a>[vc_empty_space height=\u00a0\u00bb40px\u00a0\u00bb][\/vc_column][vc_column width=\u00a0\u00bb1\/2&Prime;]<div class='q_icon_with_title medium circle left_from_title'><div class=\"icon_text_holder\" style=\"\"><div class=\"icon_text_inner\" style=\"\"><div class=\"icon_title_holder\"><div class=\"icon_holder \" style=\" \"><div class=\"icon_holder_inner\"><span class=\"fa-stack fa-3x  custom-font\" style=\"color: #913f87;border-color: #913f87;background-color: #ffffff;border-width: 2px;\"><i class=\"icon_text_icon fa fa-user fa-stack-1x\"><\/i><\/span><\/div><\/div><h4 class=\"icon_title\" style=\"\">SUR VOUS<\/h4><\/div><p style=''><\/p><\/div><\/div><\/div>[vc_column_text css=\u00a0\u00bb.vc_custom_1497353094033{padding-top: 5px !important;padding-right: 5px !important;padding-bottom: 20px !important;padding-left: 5px !important;}\u00a0\u00bb el_class=\u00a0\u00bbjustify\u00a0\u00bb]<\/p>\n<ul>\n<li>Vous voulez avoir plus d&rsquo;influence.<\/li>\n<li>Vous avez besoin d&rsquo;am\u00e9liorer votre leadership.<\/li>\n<li>Motiver votre \u00e9quipe est une priorit\u00e9.<\/li>\n<li>Vous aimeriez retrouver l&rsquo;enthousiasme.<\/li>\n<li>Vous \u00eates trop stress\u00e9.<\/li>\n<li>Vous voulez trouver un \u00e9quilibre entre votre vie professionnelle et personnelle.<\/li>\n<\/ul>\n<p>[\/vc_column_text][vc_empty_space][\/vc_column][\/vc_row][vc_row row_type=\u00a0\u00bbrow\u00a0\u00bb use_row_as_full_screen_section=\u00a0\u00bbno\u00a0\u00bb type=\u00a0\u00bbfull_width\u00a0\u00bb text_align=\u00a0\u00bbleft\u00a0\u00bb background_animation=\u00a0\u00bbnone\u00a0\u00bb css_animation=\u00a0\u00bb\u00a0\u00bb][vc_column][vc_empty_space height=\u00a0\u00bb30px\u00a0\u00bb][\/vc_column][\/vc_row][vc_row row_type=\u00a0\u00bbrow\u00a0\u00bb use_row_as_full_screen_section=\u00a0\u00bbno\u00a0\u00bb type=\u00a0\u00bbfull_width\u00a0\u00bb text_align=\u00a0\u00bbleft\u00a0\u00bb background_animation=\u00a0\u00bbnone\u00a0\u00bb css_animation=\u00a0\u00bb\u00a0\u00bb][vc_column][vc_column_text]<\/p>\n<h5>QUELS SONT LES IMPACTS<\/h5>\n<p>[\/vc_column_text][vc_empty_space][\/vc_column][\/vc_row][vc_row row_type=\u00a0\u00bbrow\u00a0\u00bb use_row_as_full_screen_section=\u00a0\u00bbno\u00a0\u00bb type=\u00a0\u00bbfull_width\u00a0\u00bb text_align=\u00a0\u00bbleft\u00a0\u00bb background_animation=\u00a0\u00bbnone\u00a0\u00bb css_animation=\u00a0\u00bb\u00a0\u00bb][vc_column width=\u00a0\u00bb1\/2&Prime;]<div class='q_icon_with_title medium circle left_from_title'><div class=\"icon_text_holder\" style=\"\"><div class=\"icon_text_inner\" style=\"\"><div class=\"icon_title_holder\"><div class=\"icon_holder \" style=\"margin: 2; \"><div class=\"icon_holder_inner\"><span class=\"fa-stack fa-3x  custom-font\" style=\"color: #913f87;border-color: #913f87;background-color: #ffffff;border-width: 2px;\"><i class=\"icon_text_icon fa fa-line-chart fa-stack-1x\"><\/i><\/span><\/div><\/div><h4 class=\"icon_title\" style=\"\">SUR LES R\u00c9SULTATS<\/h4><\/div><p style=''><\/p><\/div><\/div><\/div>[vc_column_text css=\u00a0\u00bb.vc_custom_1497353257235{padding-top: 5px !important;padding-right: 5px !important;padding-bottom: 5px !important;padding-left: 5px !important;}\u00a0\u00bb el_class=\u00a0\u00bbjustify\u00a0\u00bb]<\/p>\n<ul>\n<li>Manque de cr\u00e9ativit\u00e9<\/li>\n<li>Manque d&rsquo;engagement<\/li>\n<li>Performances m\u00e9diocres<\/li>\n<li>Absent\u00e9isme<\/li>\n<li>Sabotages<\/li>\n<li>Non-respect des d\u00e9lais<\/li>\n<li>Perte de qualit\u00e9\/li&gt;<\/li>\n<li>Diminution des ventes<\/li>\n<li>Augmentation des co\u00fbts<\/li>\n<li>Stagnation de l&rsquo;entreprise<\/li>\n<\/ul>\n<p>[\/vc_column_text][vc_empty_space][\/vc_column][vc_column width=\u00a0\u00bb1\/2&Prime;]<div class='q_icon_with_title medium circle left_from_title'><div class=\"icon_text_holder\" style=\"\"><div class=\"icon_text_inner\" style=\"\"><div class=\"icon_title_holder\"><div class=\"icon_holder \" style=\"margin: 2; \"><div class=\"icon_holder_inner\"><span class=\"fa-stack fa-3x  custom-font\" style=\"color: #913f87;border-color: #913f87;background-color: #ffffff;border-width: 2px;\"><i class=\"icon_text_icon fa fa-heartbeat fa-stack-1x\"><\/i><\/span><\/div><\/div><h4 class=\"icon_title\" style=\"\">SUR LA SANT\u00c9<\/h4><\/div><p style=''><\/p><\/div><\/div><\/div>[vc_column_text css=\u00a0\u00bb.vc_custom_1497353345903{padding-top: 5px !important;padding-right: 5px !important;padding-bottom: 5px !important;padding-left: 5px !important;}\u00a0\u00bb el_class=\u00a0\u00bbjustify\u00a0\u00bb]<\/p>\n<ul>\n<li>Usure \u00e9motionnelle<\/li>\n<li>Stress<\/li>\n<li>Burnout<\/li>\n<li>Mal-\u00eatre<\/li>\n<li>Indiff\u00e9rence<\/li>\n<li>Irritabilit\u00e9<\/li>\n<li>Accidents<\/li>\n<li>Anxi\u00e9t\u00e9<\/li>\n<li>D\u00e9pression<\/li>\n<li>Infarctus<\/li>\n<\/ul>\n<p>[\/vc_column_text][vc_empty_space][\/vc_column][\/vc_row]<\/p>\n<\/div>","protected":false},"excerpt":{"rendered":"<p>[vc_row row_type=\u00a0\u00bbrow\u00a0\u00bb use_row_as_full_screen_section=\u00a0\u00bbno\u00a0\u00bb type=\u00a0\u00bbfull_width\u00a0\u00bb text_align=\u00a0\u00bbleft\u00a0\u00bb background_animation=\u00a0\u00bbnone\u00a0\u00bb css_animation=\u00a0\u00bb\u00a0\u00bb][vc_column][vc_single_image image=\u00a0\u00bb23063&Prime; img_size=\u00a0\u00bbfull\u00a0\u00bb alignment=\u00a0\u00bbcenter\u00a0\u00bb qode_css_animation=\u00a0\u00bb\u00a0\u00bb][vc_empty_space height=\u00a0\u00bb50px\u00a0\u00bb][vc_column_text] CE QUE VOUS NOUS DITES [\/vc_column_text][vc_empty_space][\/vc_column][\/vc_row][vc_row row_type=\u00a0\u00bbrow\u00a0\u00bb use_row_as_full_screen_section=\u00a0\u00bbno\u00a0\u00bb type=\u00a0\u00bbfull_width\u00a0\u00bb text_align=\u00a0\u00bbleft\u00a0\u00bb background_animation=\u00a0\u00bbnone\u00a0\u00bb css_animation=\u00a0\u00bb\u00a0\u00bb][vc_column width=\u00a0\u00bb1\/2&Prime;][vc_column_text css=\u00a0\u00bb.vc_custom_1497352964832{padding-top: 5px !important;padding-right: 5px !important;padding-bottom: 5px !important;padding-left: 5px !important;}\u00a0\u00bb el_class=\u00a0\u00bbjustify\u00a0\u00bb] Les membres de votre comit\u00e9 de direction sont de grands&#8230;<\/p>\n","protected":false},"author":1,"featured_media":0,"parent":0,"menu_order":0,"comment_status":"closed","ping_status":"closed","template":"","meta":{"_acf_changed":false,"footnotes":""},"class_list":["post-22309","page","type-page","status-publish","hentry"],"acf":[],"yoast_head":"<!-- This site is optimized with the Yoast SEO plugin v25.0 - https:\/\/yoast.com\/wordpress\/plugins\/seo\/ -->\n<title>D\u00e9fis - Human Organizations<\/title>\n<meta name=\"robots\" content=\"index, follow, max-snippet:-1, max-image-preview:large, max-video-preview:-1\" \/>\n<link rel=\"canonical\" href=\"https:\/\/humanorganizations.com\/fr\/defis\/\" \/>\n<meta property=\"og:locale\" content=\"fr_FR\" \/>\n<meta property=\"og:type\" content=\"article\" \/>\n<meta property=\"og:title\" content=\"D\u00e9fis - Human Organizations\" \/>\n<meta property=\"og:description\" content=\"[vc_row row_type=\u00a0\u00bbrow\u00a0\u00bb use_row_as_full_screen_section=\u00a0\u00bbno\u00a0\u00bb type=\u00a0\u00bbfull_width\u00a0\u00bb text_align=\u00a0\u00bbleft\u00a0\u00bb background_animation=\u00a0\u00bbnone\u00a0\u00bb css_animation=\u00a0\u00bb\u00a0\u00bb][vc_column][vc_single_image image=\u00a0\u00bb23063&Prime; img_size=\u00a0\u00bbfull\u00a0\u00bb alignment=\u00a0\u00bbcenter\u00a0\u00bb qode_css_animation=\u00a0\u00bb\u00a0\u00bb][vc_empty_space height=\u00a0\u00bb50px\u00a0\u00bb][vc_column_text] CE QUE VOUS NOUS DITES [\/vc_column_text][vc_empty_space][\/vc_column][\/vc_row][vc_row row_type=\u00a0\u00bbrow\u00a0\u00bb use_row_as_full_screen_section=\u00a0\u00bbno\u00a0\u00bb type=\u00a0\u00bbfull_width\u00a0\u00bb text_align=\u00a0\u00bbleft\u00a0\u00bb background_animation=\u00a0\u00bbnone\u00a0\u00bb css_animation=\u00a0\u00bb\u00a0\u00bb][vc_column width=\u00a0\u00bb1\/2&Prime;][vc_column_text css=\u00a0\u00bb.vc_custom_1497352964832{padding-top: 5px !important;padding-right: 5px !important;padding-bottom: 5px !important;padding-left: 5px !important;}\u00a0\u00bb el_class=\u00a0\u00bbjustify\u00a0\u00bb] Les membres de votre comit\u00e9 de direction sont de grands...\" \/>\n<meta property=\"og:url\" content=\"https:\/\/humanorganizations.com\/fr\/defis\/\" \/>\n<meta property=\"og:site_name\" content=\"Human Organizations\" \/>\n<meta property=\"article:modified_time\" content=\"2019-06-04T15:22:37+00:00\" \/>\n<meta name=\"twitter:card\" content=\"summary_large_image\" \/>\n<meta name=\"twitter:label1\" content=\"Dur\u00e9e de lecture estim\u00e9e\" \/>\n\t<meta name=\"twitter:data1\" content=\"3 minutes\" \/>\n<script type=\"application\/ld+json\" class=\"yoast-schema-graph\">{\"@context\":\"https:\/\/schema.org\",\"@graph\":[{\"@type\":\"WebPage\",\"@id\":\"https:\/\/humanorganizations.com\/fr\/defis\/\",\"url\":\"https:\/\/humanorganizations.com\/fr\/defis\/\",\"name\":\"D\u00e9fis - Human Organizations\",\"isPartOf\":{\"@id\":\"https:\/\/humanorganizations.com\/#website\"},\"datePublished\":\"2017-05-22T14:24:46+00:00\",\"dateModified\":\"2019-06-04T15:22:37+00:00\",\"breadcrumb\":{\"@id\":\"https:\/\/humanorganizations.com\/fr\/defis\/#breadcrumb\"},\"inLanguage\":\"fr-FR\",\"potentialAction\":[{\"@type\":\"ReadAction\",\"target\":[\"https:\/\/humanorganizations.com\/fr\/defis\/\"]}]},{\"@type\":\"BreadcrumbList\",\"@id\":\"https:\/\/humanorganizations.com\/fr\/defis\/#breadcrumb\",\"itemListElement\":[{\"@type\":\"ListItem\",\"position\":1,\"name\":\"Portada\",\"item\":\"https:\/\/humanorganizations.com\/fr\/\"},{\"@type\":\"ListItem\",\"position\":2,\"name\":\"D\u00e9fis\"}]},{\"@type\":\"WebSite\",\"@id\":\"https:\/\/humanorganizations.com\/#website\",\"url\":\"https:\/\/humanorganizations.com\/\",\"name\":\"Human Organizations\",\"description\":\"\",\"potentialAction\":[{\"@type\":\"SearchAction\",\"target\":{\"@type\":\"EntryPoint\",\"urlTemplate\":\"https:\/\/humanorganizations.com\/?s={search_term_string}\"},\"query-input\":{\"@type\":\"PropertyValueSpecification\",\"valueRequired\":true,\"valueName\":\"search_term_string\"}}],\"inLanguage\":\"fr-FR\"}]}<\/script>\n<!-- \/ Yoast SEO plugin. -->","yoast_head_json":{"title":"D\u00e9fis - Human Organizations","robots":{"index":"index","follow":"follow","max-snippet":"max-snippet:-1","max-image-preview":"max-image-preview:large","max-video-preview":"max-video-preview:-1"},"canonical":"https:\/\/humanorganizations.com\/fr\/defis\/","og_locale":"fr_FR","og_type":"article","og_title":"D\u00e9fis - Human Organizations","og_description":"[vc_row row_type=\u00a0\u00bbrow\u00a0\u00bb use_row_as_full_screen_section=\u00a0\u00bbno\u00a0\u00bb type=\u00a0\u00bbfull_width\u00a0\u00bb text_align=\u00a0\u00bbleft\u00a0\u00bb background_animation=\u00a0\u00bbnone\u00a0\u00bb css_animation=\u00a0\u00bb\u00a0\u00bb][vc_column][vc_single_image image=\u00a0\u00bb23063&Prime; img_size=\u00a0\u00bbfull\u00a0\u00bb alignment=\u00a0\u00bbcenter\u00a0\u00bb qode_css_animation=\u00a0\u00bb\u00a0\u00bb][vc_empty_space height=\u00a0\u00bb50px\u00a0\u00bb][vc_column_text] CE QUE VOUS NOUS DITES [\/vc_column_text][vc_empty_space][\/vc_column][\/vc_row][vc_row row_type=\u00a0\u00bbrow\u00a0\u00bb use_row_as_full_screen_section=\u00a0\u00bbno\u00a0\u00bb type=\u00a0\u00bbfull_width\u00a0\u00bb text_align=\u00a0\u00bbleft\u00a0\u00bb background_animation=\u00a0\u00bbnone\u00a0\u00bb css_animation=\u00a0\u00bb\u00a0\u00bb][vc_column width=\u00a0\u00bb1\/2&Prime;][vc_column_text css=\u00a0\u00bb.vc_custom_1497352964832{padding-top: 5px !important;padding-right: 5px !important;padding-bottom: 5px !important;padding-left: 5px !important;}\u00a0\u00bb el_class=\u00a0\u00bbjustify\u00a0\u00bb] Les membres de votre comit\u00e9 de direction sont de grands...","og_url":"https:\/\/humanorganizations.com\/fr\/defis\/","og_site_name":"Human Organizations","article_modified_time":"2019-06-04T15:22:37+00:00","twitter_card":"summary_large_image","twitter_misc":{"Dur\u00e9e de lecture estim\u00e9e":"3 minutes"},"schema":{"@context":"https:\/\/schema.org","@graph":[{"@type":"WebPage","@id":"https:\/\/humanorganizations.com\/fr\/defis\/","url":"https:\/\/humanorganizations.com\/fr\/defis\/","name":"D\u00e9fis - Human Organizations","isPartOf":{"@id":"https:\/\/humanorganizations.com\/#website"},"datePublished":"2017-05-22T14:24:46+00:00","dateModified":"2019-06-04T15:22:37+00:00","breadcrumb":{"@id":"https:\/\/humanorganizations.com\/fr\/defis\/#breadcrumb"},"inLanguage":"fr-FR","potentialAction":[{"@type":"ReadAction","target":["https:\/\/humanorganizations.com\/fr\/defis\/"]}]},{"@type":"BreadcrumbList","@id":"https:\/\/humanorganizations.com\/fr\/defis\/#breadcrumb","itemListElement":[{"@type":"ListItem","position":1,"name":"Portada","item":"https:\/\/humanorganizations.com\/fr\/"},{"@type":"ListItem","position":2,"name":"D\u00e9fis"}]},{"@type":"WebSite","@id":"https:\/\/humanorganizations.com\/#website","url":"https:\/\/humanorganizations.com\/","name":"Human Organizations","description":"","potentialAction":[{"@type":"SearchAction","target":{"@type":"EntryPoint","urlTemplate":"https:\/\/humanorganizations.com\/?s={search_term_string}"},"query-input":{"@type":"PropertyValueSpecification","valueRequired":true,"valueName":"search_term_string"}}],"inLanguage":"fr-FR"}]}},"_links":{"self":[{"href":"https:\/\/humanorganizations.com\/fr\/wp-json\/wp\/v2\/pages\/22309","targetHints":{"allow":["GET"]}}],"collection":[{"href":"https:\/\/humanorganizations.com\/fr\/wp-json\/wp\/v2\/pages"}],"about":[{"href":"https:\/\/humanorganizations.com\/fr\/wp-json\/wp\/v2\/types\/page"}],"author":[{"embeddable":true,"href":"https:\/\/humanorganizations.com\/fr\/wp-json\/wp\/v2\/users\/1"}],"replies":[{"embeddable":true,"href":"https:\/\/humanorganizations.com\/fr\/wp-json\/wp\/v2\/comments?post=22309"}],"version-history":[{"count":6,"href":"https:\/\/humanorganizations.com\/fr\/wp-json\/wp\/v2\/pages\/22309\/revisions"}],"predecessor-version":[{"id":23202,"href":"https:\/\/humanorganizations.com\/fr\/wp-json\/wp\/v2\/pages\/22309\/revisions\/23202"}],"wp:attachment":[{"href":"https:\/\/humanorganizations.com\/fr\/wp-json\/wp\/v2\/media?parent=22309"}],"curies":[{"name":"wp","href":"https:\/\/api.w.org\/{rel}","templated":true}]}}