{"id":23200,"date":"2019-04-03T14:23:20","date_gmt":"2019-04-03T14:23:20","guid":{"rendered":"https:\/\/humanorganizations.com\/filosofia-2\/"},"modified":"2019-09-18T13:48:12","modified_gmt":"2019-09-18T13:48:12","slug":"philosophie","status":"publish","type":"page","link":"https:\/\/humanorganizations.com\/fr\/philosophie\/","title":{"rendered":"Philosophie"},"content":{"rendered":"<div class=\"wpb-content-wrapper\"><p>[vc_row row_type=\u00a0\u00bbrow\u00a0\u00bb use_row_as_full_screen_section=\u00a0\u00bbno\u00a0\u00bb type=\u00a0\u00bbfull_width\u00a0\u00bb text_align=\u00a0\u00bbleft\u00a0\u00bb background_animation=\u00a0\u00bbnone\u00a0\u00bb padding_top=\u00a0\u00bb50&Prime; css_animation=\u00a0\u00bb\u00a0\u00bb el_class=\u00a0\u00bbfilosofia\u00a0\u00bb][vc_column width=\u00a0\u00bb1\/3&Prime;][vc_single_image image=\u00a0\u00bb23472&Prime; img_size=\u00a0\u00bbfull\u00a0\u00bb alignment=\u00a0\u00bbcenter\u00a0\u00bb qode_css_animation=\u00a0\u00bb\u00a0\u00bb][vc_empty_space height=\u00a0\u00bb30px\u00a0\u00bb][vc_column_text el_class=\u00a0\u00bbtitu filo\u00a0\u00bb]<\/p>\n<p style=\"text-align: center;\">Pierre Lamagn\u00e8re<\/p>\n<p>[\/vc_column_text][vc_empty_space height=\u00a0\u00bb15px\u00a0\u00bb][vc_column_text el_class=\u00a0\u00bbsubtitu\u00a0\u00bb]<\/p>\n<p style=\"text-align: center;\">Founder &amp; CEO<\/p>\n<p>[\/vc_column_text][vc_empty_space height=\u00a0\u00bb15px\u00a0\u00bb][vc_column_text el_class=\u00a0\u00bbtextfilo\u00a0\u00bb]<\/p>\n<p style=\"text-align: center;\">12 ann\u00e9es d&rsquo;accompagnement de personnes, d&rsquo;\u00e9quipes et de grandes entreprises dans des processus de changement (diagnostic, coh\u00e9sion d&rsquo;\u00e9quipe, formation et coaching de cadres). Compr\u00e9hension pertinente de la r\u00e9alit\u00e9 des affaires: auparavant, 17 ans en poste de directeur g\u00e9n\u00e9ral ou de directeur commercial dans le secteur informatique.<\/p>\n<p>[\/vc_column_text][vc_empty_space height=\u00a0\u00bb5px\u00a0\u00bb]<span class=\"fa-stack q_icon_shortcode circle q_font_awsome_icon_holder q_font_awsome_icon_circle fa-3x pull-center \" style=\"font-size: 40px; \"><a href=\"https:\/\/www.linkedin.com\/in\/pierre-lamagn%C3%A8re-4451786\/\" target=\"_blank\"><i class=\"fa fa-linkedin-square\"><\/i><\/a><\/span>[vc_empty_space height=\u00a0\u00bb50px\u00a0\u00bb][\/vc_column][vc_column width=\u00a0\u00bb1\/3&Prime;][vc_single_image image=\u00a0\u00bb23073&Prime; img_size=\u00a0\u00bbfull\u00a0\u00bb alignment=\u00a0\u00bbcenter\u00a0\u00bb qode_css_animation=\u00a0\u00bb\u00a0\u00bb][vc_empty_space height=\u00a0\u00bb30px\u00a0\u00bb][vc_column_text el_class=\u00a0\u00bbtitu filo\u00a0\u00bb]<\/p>\n<p style=\"text-align: center;\">Healthy people in healthy organizations<\/p>\n<p>[\/vc_column_text][vc_empty_space height=\u00a0\u00bb15px\u00a0\u00bb][vc_column_text el_class=\u00a0\u00bbsubtitu\u00a0\u00bb]<\/p>\n<p style=\"text-align: center;\">Notre vision<\/p>\n<p>[\/vc_column_text][vc_empty_space height=\u00a0\u00bb15px\u00a0\u00bb][vc_column_text el_class=\u00a0\u00bbtextfilo\u00a0\u00bb]<\/p>\n<p style=\"text-align: center;\">Nous voulons voir des organisations qui, de mani\u00e8re durable, obtiennent d\u2019excellents r\u00e9sultats et recherchent le bien-\u00eatre et la sant\u00e9 des personnes et de leur environnement. Nous voulons voir des personnes qui \u00e0 la fois atteignent leurs objectifs organisationnels et prennent soin d\u00b4elles-m\u00eames tout au long de ce processus.<\/p>\n<p>[\/vc_column_text][vc_empty_space height=\u00a0\u00bb50px\u00a0\u00bb][\/vc_column][vc_column width=\u00a0\u00bb1\/3&Prime;][vc_single_image image=\u00a0\u00bb23081&Prime; img_size=\u00a0\u00bbfull\u00a0\u00bb alignment=\u00a0\u00bbcenter\u00a0\u00bb qode_css_animation=\u00a0\u00bb\u00a0\u00bb][vc_empty_space height=\u00a0\u00bb30px\u00a0\u00bb][vc_column_text el_class=\u00a0\u00bbtitu filo\u00a0\u00bb]<\/p>\n<p style=\"text-align: center;\">8 profesionales<\/p>\n<p>[\/vc_column_text][vc_empty_space height=\u00a0\u00bb15px\u00a0\u00bb][vc_column_text el_class=\u00a0\u00bbsubtitu\u00a0\u00bb]<\/p>\n<p style=\"text-align: center;\">Notre \u00e9quipe<\/p>\n<p>[\/vc_column_text][vc_empty_space height=\u00a0\u00bb15px\u00a0\u00bb][vc_column_text el_class=\u00a0\u00bbtextfilo\u00a0\u00bb]<\/p>\n<p style=\"text-align: center;\">Nous sommes une \u00e9quipe diverse (en genre, nationalit\u00e9s, \u00e2ge et disciplines), hautement sp\u00e9cialis\u00e9e et poss\u00e9dant une vaste exp\u00e9rience dans les grandes entreprises. Nous sommes unis par une vision commune (Healthy people in healthy organizations) la passion pour l&rsquo;excellence et la satisfaction de nos clients.<\/p>\n<p>[\/vc_column_text][vc_empty_space height=\u00a0\u00bb50px\u00a0\u00bb][\/vc_column][\/vc_row]<\/p>\n<\/div>","protected":false},"excerpt":{"rendered":"<p>[vc_row row_type=\u00a0\u00bbrow\u00a0\u00bb use_row_as_full_screen_section=\u00a0\u00bbno\u00a0\u00bb type=\u00a0\u00bbfull_width\u00a0\u00bb text_align=\u00a0\u00bbleft\u00a0\u00bb background_animation=\u00a0\u00bbnone\u00a0\u00bb padding_top=\u00a0\u00bb50&Prime; css_animation=\u00a0\u00bb\u00a0\u00bb el_class=\u00a0\u00bbfilosofia\u00a0\u00bb][vc_column width=\u00a0\u00bb1\/3&Prime;][vc_single_image image=\u00a0\u00bb23472&Prime; img_size=\u00a0\u00bbfull\u00a0\u00bb alignment=\u00a0\u00bbcenter\u00a0\u00bb qode_css_animation=\u00a0\u00bb\u00a0\u00bb][vc_empty_space height=\u00a0\u00bb30px\u00a0\u00bb][vc_column_text el_class=\u00a0\u00bbtitu filo\u00a0\u00bb] Pierre Lamagn\u00e8re [\/vc_column_text][vc_empty_space height=\u00a0\u00bb15px\u00a0\u00bb][vc_column_text el_class=\u00a0\u00bbsubtitu\u00a0\u00bb] Founder &amp; CEO [\/vc_column_text][vc_empty_space height=\u00a0\u00bb15px\u00a0\u00bb][vc_column_text el_class=\u00a0\u00bbtextfilo\u00a0\u00bb] 12 ann\u00e9es d&rsquo;accompagnement de personnes, d&rsquo;\u00e9quipes et de grandes entreprises dans des processus de changement (diagnostic, coh\u00e9sion&#8230;<\/p>\n","protected":false},"author":1,"featured_media":0,"parent":0,"menu_order":0,"comment_status":"closed","ping_status":"closed","template":"full_width.php","meta":{"_acf_changed":false,"footnotes":""},"class_list":["post-23200","page","type-page","status-publish","hentry"],"acf":[],"yoast_head":"<!-- This site is optimized with the Yoast SEO plugin v25.0 - https:\/\/yoast.com\/wordpress\/plugins\/seo\/ -->\n<title>Philosophie - Human Organizations<\/title>\n<meta name=\"robots\" content=\"index, follow, max-snippet:-1, max-image-preview:large, max-video-preview:-1\" \/>\n<link rel=\"canonical\" href=\"https:\/\/humanorganizations.com\/fr\/philosophie\/\" \/>\n<meta property=\"og:locale\" content=\"fr_FR\" \/>\n<meta property=\"og:type\" content=\"article\" \/>\n<meta property=\"og:title\" content=\"Philosophie - Human Organizations\" \/>\n<meta property=\"og:description\" content=\"[vc_row row_type=\u00a0\u00bbrow\u00a0\u00bb use_row_as_full_screen_section=\u00a0\u00bbno\u00a0\u00bb type=\u00a0\u00bbfull_width\u00a0\u00bb text_align=\u00a0\u00bbleft\u00a0\u00bb background_animation=\u00a0\u00bbnone\u00a0\u00bb padding_top=\u00a0\u00bb50&Prime; css_animation=\u00a0\u00bb\u00a0\u00bb el_class=\u00a0\u00bbfilosofia\u00a0\u00bb][vc_column width=\u00a0\u00bb1\/3&Prime;][vc_single_image image=\u00a0\u00bb23472&Prime; img_size=\u00a0\u00bbfull\u00a0\u00bb alignment=\u00a0\u00bbcenter\u00a0\u00bb qode_css_animation=\u00a0\u00bb\u00a0\u00bb][vc_empty_space height=\u00a0\u00bb30px\u00a0\u00bb][vc_column_text el_class=\u00a0\u00bbtitu filo\u00a0\u00bb] Pierre Lamagn\u00e8re [\/vc_column_text][vc_empty_space height=\u00a0\u00bb15px\u00a0\u00bb][vc_column_text el_class=\u00a0\u00bbsubtitu\u00a0\u00bb] Founder &amp; CEO [\/vc_column_text][vc_empty_space height=\u00a0\u00bb15px\u00a0\u00bb][vc_column_text el_class=\u00a0\u00bbtextfilo\u00a0\u00bb] 12 ann\u00e9es d&rsquo;accompagnement de personnes, d&rsquo;\u00e9quipes et de grandes entreprises dans des processus de changement (diagnostic, coh\u00e9sion...\" \/>\n<meta property=\"og:url\" content=\"https:\/\/humanorganizations.com\/fr\/philosophie\/\" \/>\n<meta property=\"og:site_name\" content=\"Human Organizations\" \/>\n<meta property=\"article:modified_time\" content=\"2019-09-18T13:48:12+00:00\" \/>\n<meta name=\"twitter:card\" content=\"summary_large_image\" \/>\n<meta name=\"twitter:label1\" content=\"Dur\u00e9e de lecture estim\u00e9e\" \/>\n\t<meta name=\"twitter:data1\" content=\"2 minutes\" \/>\n<script type=\"application\/ld+json\" class=\"yoast-schema-graph\">{\"@context\":\"https:\/\/schema.org\",\"@graph\":[{\"@type\":\"WebPage\",\"@id\":\"https:\/\/humanorganizations.com\/fr\/philosophie\/\",\"url\":\"https:\/\/humanorganizations.com\/fr\/philosophie\/\",\"name\":\"Philosophie - Human Organizations\",\"isPartOf\":{\"@id\":\"https:\/\/humanorganizations.com\/#website\"},\"datePublished\":\"2019-04-03T14:23:20+00:00\",\"dateModified\":\"2019-09-18T13:48:12+00:00\",\"breadcrumb\":{\"@id\":\"https:\/\/humanorganizations.com\/fr\/philosophie\/#breadcrumb\"},\"inLanguage\":\"fr-FR\",\"potentialAction\":[{\"@type\":\"ReadAction\",\"target\":[\"https:\/\/humanorganizations.com\/fr\/philosophie\/\"]}]},{\"@type\":\"BreadcrumbList\",\"@id\":\"https:\/\/humanorganizations.com\/fr\/philosophie\/#breadcrumb\",\"itemListElement\":[{\"@type\":\"ListItem\",\"position\":1,\"name\":\"Portada\",\"item\":\"https:\/\/humanorganizations.com\/fr\/\"},{\"@type\":\"ListItem\",\"position\":2,\"name\":\"Philosophie\"}]},{\"@type\":\"WebSite\",\"@id\":\"https:\/\/humanorganizations.com\/#website\",\"url\":\"https:\/\/humanorganizations.com\/\",\"name\":\"Human Organizations\",\"description\":\"\",\"potentialAction\":[{\"@type\":\"SearchAction\",\"target\":{\"@type\":\"EntryPoint\",\"urlTemplate\":\"https:\/\/humanorganizations.com\/?s={search_term_string}\"},\"query-input\":{\"@type\":\"PropertyValueSpecification\",\"valueRequired\":true,\"valueName\":\"search_term_string\"}}],\"inLanguage\":\"fr-FR\"}]}<\/script>\n<!-- \/ Yoast SEO plugin. -->","yoast_head_json":{"title":"Philosophie - Human Organizations","robots":{"index":"index","follow":"follow","max-snippet":"max-snippet:-1","max-image-preview":"max-image-preview:large","max-video-preview":"max-video-preview:-1"},"canonical":"https:\/\/humanorganizations.com\/fr\/philosophie\/","og_locale":"fr_FR","og_type":"article","og_title":"Philosophie - Human Organizations","og_description":"[vc_row row_type=\u00a0\u00bbrow\u00a0\u00bb use_row_as_full_screen_section=\u00a0\u00bbno\u00a0\u00bb type=\u00a0\u00bbfull_width\u00a0\u00bb text_align=\u00a0\u00bbleft\u00a0\u00bb background_animation=\u00a0\u00bbnone\u00a0\u00bb padding_top=\u00a0\u00bb50&Prime; css_animation=\u00a0\u00bb\u00a0\u00bb el_class=\u00a0\u00bbfilosofia\u00a0\u00bb][vc_column width=\u00a0\u00bb1\/3&Prime;][vc_single_image image=\u00a0\u00bb23472&Prime; img_size=\u00a0\u00bbfull\u00a0\u00bb alignment=\u00a0\u00bbcenter\u00a0\u00bb qode_css_animation=\u00a0\u00bb\u00a0\u00bb][vc_empty_space height=\u00a0\u00bb30px\u00a0\u00bb][vc_column_text el_class=\u00a0\u00bbtitu filo\u00a0\u00bb] Pierre Lamagn\u00e8re [\/vc_column_text][vc_empty_space height=\u00a0\u00bb15px\u00a0\u00bb][vc_column_text el_class=\u00a0\u00bbsubtitu\u00a0\u00bb] Founder &amp; CEO [\/vc_column_text][vc_empty_space height=\u00a0\u00bb15px\u00a0\u00bb][vc_column_text el_class=\u00a0\u00bbtextfilo\u00a0\u00bb] 12 ann\u00e9es d&rsquo;accompagnement de personnes, d&rsquo;\u00e9quipes et de grandes entreprises dans des processus de changement (diagnostic, coh\u00e9sion...","og_url":"https:\/\/humanorganizations.com\/fr\/philosophie\/","og_site_name":"Human Organizations","article_modified_time":"2019-09-18T13:48:12+00:00","twitter_card":"summary_large_image","twitter_misc":{"Dur\u00e9e de lecture estim\u00e9e":"2 minutes"},"schema":{"@context":"https:\/\/schema.org","@graph":[{"@type":"WebPage","@id":"https:\/\/humanorganizations.com\/fr\/philosophie\/","url":"https:\/\/humanorganizations.com\/fr\/philosophie\/","name":"Philosophie - Human Organizations","isPartOf":{"@id":"https:\/\/humanorganizations.com\/#website"},"datePublished":"2019-04-03T14:23:20+00:00","dateModified":"2019-09-18T13:48:12+00:00","breadcrumb":{"@id":"https:\/\/humanorganizations.com\/fr\/philosophie\/#breadcrumb"},"inLanguage":"fr-FR","potentialAction":[{"@type":"ReadAction","target":["https:\/\/humanorganizations.com\/fr\/philosophie\/"]}]},{"@type":"BreadcrumbList","@id":"https:\/\/humanorganizations.com\/fr\/philosophie\/#breadcrumb","itemListElement":[{"@type":"ListItem","position":1,"name":"Portada","item":"https:\/\/humanorganizations.com\/fr\/"},{"@type":"ListItem","position":2,"name":"Philosophie"}]},{"@type":"WebSite","@id":"https:\/\/humanorganizations.com\/#website","url":"https:\/\/humanorganizations.com\/","name":"Human Organizations","description":"","potentialAction":[{"@type":"SearchAction","target":{"@type":"EntryPoint","urlTemplate":"https:\/\/humanorganizations.com\/?s={search_term_string}"},"query-input":{"@type":"PropertyValueSpecification","valueRequired":true,"valueName":"search_term_string"}}],"inLanguage":"fr-FR"}]}},"_links":{"self":[{"href":"https:\/\/humanorganizations.com\/fr\/wp-json\/wp\/v2\/pages\/23200","targetHints":{"allow":["GET"]}}],"collection":[{"href":"https:\/\/humanorganizations.com\/fr\/wp-json\/wp\/v2\/pages"}],"about":[{"href":"https:\/\/humanorganizations.com\/fr\/wp-json\/wp\/v2\/types\/page"}],"author":[{"embeddable":true,"href":"https:\/\/humanorganizations.com\/fr\/wp-json\/wp\/v2\/users\/1"}],"replies":[{"embeddable":true,"href":"https:\/\/humanorganizations.com\/fr\/wp-json\/wp\/v2\/comments?post=23200"}],"version-history":[{"count":7,"href":"https:\/\/humanorganizations.com\/fr\/wp-json\/wp\/v2\/pages\/23200\/revisions"}],"predecessor-version":[{"id":23490,"href":"https:\/\/humanorganizations.com\/fr\/wp-json\/wp\/v2\/pages\/23200\/revisions\/23490"}],"wp:attachment":[{"href":"https:\/\/humanorganizations.com\/fr\/wp-json\/wp\/v2\/media?parent=23200"}],"curies":[{"name":"wp","href":"https:\/\/api.w.org\/{rel}","templated":true}]}}