{"id":23341,"date":"2019-07-30T08:49:28","date_gmt":"2019-07-30T08:49:28","guid":{"rendered":"https:\/\/humanorganizations.com\/politica-de-cookies\/"},"modified":"2019-09-18T13:58:59","modified_gmt":"2019-09-18T13:58:59","slug":"politique-de-cookies","status":"publish","type":"page","link":"https:\/\/humanorganizations.com\/fr\/politique-de-cookies\/","title":{"rendered":"Politique de cookies"},"content":{"rendered":"<p><strong>POLITIQUE DES COOKIES<\/strong><\/p>\n<p>Le site Web utilise un analyseur de trafic qui utilise de petits fichiers d&rsquo;informations appel\u00e9s \u00abcookies\u00bb que le serveur envoie \u00e0 l&rsquo;ordinateur de la personne qui acc\u00e8de au site Web pour le bon fonctionnement et la visualisation des sites Web par l&rsquo;utilisateur, telles que la collecte de donn\u00e9es statistiques sur l\u2019utilisation et la navigation de notre site Web.<\/p>\n<p>Nous pouvons collecter des informations sur votre ordinateur, y compris, le cas \u00e9ch\u00e9ant, votre adresse IP, votre syst\u00e8me d&rsquo;exploitation et le type de navigateur. Les cookies contiennent des informations qui sont transf\u00e9r\u00e9es sur le disque dur de votre ordinateur.<\/p>\n<p>Les cookies nous aident \u00e9galement \u00e0 am\u00e9liorer notre site Web et \u00e0 fournir un service meilleur et plus personnalis\u00e9. Plus pr\u00e9cis\u00e9ment, ils nous permettent de :<\/p>\n<p>&#8211; Faites une estimation des nombres et des habitudes d&rsquo;utilisation.<\/p>\n<p>&#8211; Stockez des informations sur vos pr\u00e9f\u00e9rences et personnalisez notre site Web en fonction de vos int\u00e9r\u00eats personnels.<\/p>\n<p>&#8211; Acc\u00e9l\u00e9rez vos recherches.<\/p>\n<p>&#8211; Vous reconna\u00eetre lorsque vous revenez sur notre site.<\/p>\n<p><strong>Acceptation et\/ou rejet de la politique des cookies:<\/strong><\/p>\n<p>Ce site Web affiche des informations sur votre politique en mati\u00e8re de cookies en bas ou en haut du portail \u00e0 chaque connexion afin d\u2019en prendre connaissance et de les informer.<\/p>\n<p>Vous pouvez accepter l\u2019installation de cookies dans votre navigateur Web par le biais d\u2019une action positive et positive.<\/p>\n<p>Vous pouvez \u00e9galement refuser l&rsquo;utilisation de cookies en choisissant de refuser l&rsquo;installation et l&rsquo;utilisation dans votre navigateur. Cependant, sachez que si vous le faites, vous ne pourrez peut-\u00eatre pas utiliser toutes les fonctionnalit\u00e9s de ce site web.<\/p>\n<p>Ce site traite les informations vous concernant par Google. \u00c0 ces fins, il est signal\u00e9 que Google Inc. est consid\u00e9r\u00e9 comme un \u00ab\u00a0port s\u00fbr\u00a0\u00bb au sens de la r\u00e9glementation en mati\u00e8re de protection des donn\u00e9es personnelles.<\/p>\n<p>L&rsquo;utilisateur doit donner son consentement pr\u00e9alable, sauf indication contraire, \u00e0 l&rsquo;utilisation de \u00abcookies\u00bb et autoriser \u00e9galement le suivi de son adresse IP lors de la navigation sur le site.<\/p>\n<p>\u00c0 moins que vous n&rsquo;ayez ajust\u00e9 les param\u00e8tres de votre navigateur Web pour refuser les cookies, notre syst\u00e8me produira des cookies lorsque vous vous connecterez \u00e0 notre site.<\/p>\n<p>Conform\u00e9ment aux directives europ\u00e9ennes sur les r\u00e9glementations en mati\u00e8re de protection des donn\u00e9es susceptibles d&rsquo;\u00eatre affect\u00e9es par l&rsquo;utilisation de cookies, diff\u00e9rents navigateurs Internet disposent d&rsquo;outils de configuration permettant \u00e0 l&rsquo;utilisateur, s&rsquo;il le souhaite, de d\u00e9sactiver et\/ou de supprimer ces cookies ou activer le mode de navigation priv\u00e9e dans votre navigateur.<\/p>\n<p>Vous pouvez autoriser, bloquer ou supprimer les cookies install\u00e9s sur votre ordinateur en configurant les options du navigateur install\u00e9es sur votre ordinateur :<\/p>\n<p>Chrome: https:\/\/support.google.com\/chrome\/answer\/95647?hl=fr<\/p>\n<p>Explorer: http:\/\/windows.microsoft.com\/es-es\/windows7\/how-to-manage-cookies-in-internet- explorer-9<\/p>\n<p>Firefox: https:\/\/support.mozilla.org\/es\/kb\/habilitar-y-deshabilitar-cookies-que-los-sitios-web<\/p>\n<p>Safari: https:\/\/support.apple.com\/kb\/ph5042?locale=es_ES<\/p>\n<p><strong>Quels cookies utilisons-nous et pour quoi?<\/strong><\/p>\n<p>Vous trouverez ci-dessous une explication plus d\u00e9taill\u00e9e de chaque type de cookie, temporalit\u00e9, propri\u00e9t\u00e9, but et domaine:<\/p>\n<p>Google Analytics est un service d&rsquo;analyse Web fourni par Google, Inc., une soci\u00e9t\u00e9 du Delaware dont le si\u00e8ge social est situ\u00e9 au 1600 Amphitheatre Parkway, \u00e0 Mountain View (Californie), CA 94043, \u00c9tats-Unis (\u00abGoogle\u00bb) :<\/p>\n<p>Google Analytics utilise les cookies suivants:<\/p>\n<p>_ga, _gat, _gid et autres cookies susceptibles d&rsquo;\u00eatre charg\u00e9s par le service de surveillance des visites de Google.<\/p>\n<p>Ils servent \u00e0:<\/p>\n<p>&#8211; g\u00e9n\u00e9rer un identifiant utilisateur unique, qui est utilis\u00e9 pour compter le nombre de fois qu&rsquo;un utilisateur a visit\u00e9 le site, ainsi que la date de la premi\u00e8re et de la derni\u00e8re visite sur le site.<\/p>\n<p>&#8211; Enregistrez la date et l&rsquo;heure d&rsquo;acc\u00e8s \u00e0 l&rsquo;une des pages du site.<\/p>\n<p>&#8211; V\u00e9rifiez la n\u00e9cessit\u00e9 de garder la session d&rsquo;un utilisateur ouverte ou d&rsquo;en cr\u00e9er une nouvelle.<\/p>\n<p>&#8211; Identifier la session de l&rsquo;utilisateur, pour collecter l&#8217;emplacement g\u00e9ographique approximatif de l&rsquo;ordinateur qui acc\u00e8de au site avec des effets statistiques.<\/p>\n<p>Ils peuvent \u00eatre \u00e0 la fois temporaires et persistants.<\/p>\n","protected":false},"excerpt":{"rendered":"<p>POLITIQUE DES COOKIES Le site Web utilise un analyseur de trafic qui utilise de petits fichiers d&rsquo;informations appel\u00e9s \u00abcookies\u00bb que le serveur envoie \u00e0 l&rsquo;ordinateur de la personne qui acc\u00e8de au site Web pour le bon fonctionnement et la visualisation des sites Web par l&rsquo;utilisateur,&#8230;<\/p>\n","protected":false},"author":1,"featured_media":0,"parent":0,"menu_order":0,"comment_status":"closed","ping_status":"closed","template":"","meta":{"_acf_changed":false,"footnotes":""},"class_list":["post-23341","page","type-page","status-publish","hentry"],"acf":[],"yoast_head":"<!-- This site is optimized with the Yoast SEO plugin v25.0 - https:\/\/yoast.com\/wordpress\/plugins\/seo\/ -->\n<title>Politique de cookies - Human Organizations<\/title>\n<meta name=\"robots\" content=\"index, follow, max-snippet:-1, max-image-preview:large, max-video-preview:-1\" \/>\n<link rel=\"canonical\" href=\"https:\/\/humanorganizations.com\/fr\/politique-de-cookies\/\" \/>\n<meta property=\"og:locale\" content=\"fr_FR\" \/>\n<meta property=\"og:type\" content=\"article\" \/>\n<meta property=\"og:title\" content=\"Politique de cookies - Human Organizations\" \/>\n<meta property=\"og:description\" content=\"POLITIQUE DES COOKIES Le site Web utilise un analyseur de trafic qui utilise de petits fichiers d&rsquo;informations appel\u00e9s \u00abcookies\u00bb que le serveur envoie \u00e0 l&rsquo;ordinateur de la personne qui acc\u00e8de au site Web pour le bon fonctionnement et la visualisation des sites Web par l&rsquo;utilisateur,...\" \/>\n<meta property=\"og:url\" content=\"https:\/\/humanorganizations.com\/fr\/politique-de-cookies\/\" \/>\n<meta property=\"og:site_name\" content=\"Human Organizations\" \/>\n<meta property=\"article:modified_time\" content=\"2019-09-18T13:58:59+00:00\" \/>\n<meta name=\"twitter:card\" content=\"summary_large_image\" \/>\n<meta name=\"twitter:label1\" content=\"Dur\u00e9e de lecture estim\u00e9e\" \/>\n\t<meta name=\"twitter:data1\" content=\"3 minutes\" \/>\n<script type=\"application\/ld+json\" class=\"yoast-schema-graph\">{\"@context\":\"https:\/\/schema.org\",\"@graph\":[{\"@type\":\"WebPage\",\"@id\":\"https:\/\/humanorganizations.com\/fr\/politique-de-cookies\/\",\"url\":\"https:\/\/humanorganizations.com\/fr\/politique-de-cookies\/\",\"name\":\"Politique de cookies - Human Organizations\",\"isPartOf\":{\"@id\":\"https:\/\/humanorganizations.com\/#website\"},\"datePublished\":\"2019-07-30T08:49:28+00:00\",\"dateModified\":\"2019-09-18T13:58:59+00:00\",\"breadcrumb\":{\"@id\":\"https:\/\/humanorganizations.com\/fr\/politique-de-cookies\/#breadcrumb\"},\"inLanguage\":\"fr-FR\",\"potentialAction\":[{\"@type\":\"ReadAction\",\"target\":[\"https:\/\/humanorganizations.com\/fr\/politique-de-cookies\/\"]}]},{\"@type\":\"BreadcrumbList\",\"@id\":\"https:\/\/humanorganizations.com\/fr\/politique-de-cookies\/#breadcrumb\",\"itemListElement\":[{\"@type\":\"ListItem\",\"position\":1,\"name\":\"Portada\",\"item\":\"https:\/\/humanorganizations.com\/fr\/\"},{\"@type\":\"ListItem\",\"position\":2,\"name\":\"Politique de cookies\"}]},{\"@type\":\"WebSite\",\"@id\":\"https:\/\/humanorganizations.com\/#website\",\"url\":\"https:\/\/humanorganizations.com\/\",\"name\":\"Human Organizations\",\"description\":\"\",\"potentialAction\":[{\"@type\":\"SearchAction\",\"target\":{\"@type\":\"EntryPoint\",\"urlTemplate\":\"https:\/\/humanorganizations.com\/?s={search_term_string}\"},\"query-input\":{\"@type\":\"PropertyValueSpecification\",\"valueRequired\":true,\"valueName\":\"search_term_string\"}}],\"inLanguage\":\"fr-FR\"}]}<\/script>\n<!-- \/ Yoast SEO plugin. -->","yoast_head_json":{"title":"Politique de cookies - Human Organizations","robots":{"index":"index","follow":"follow","max-snippet":"max-snippet:-1","max-image-preview":"max-image-preview:large","max-video-preview":"max-video-preview:-1"},"canonical":"https:\/\/humanorganizations.com\/fr\/politique-de-cookies\/","og_locale":"fr_FR","og_type":"article","og_title":"Politique de cookies - Human Organizations","og_description":"POLITIQUE DES COOKIES Le site Web utilise un analyseur de trafic qui utilise de petits fichiers d&rsquo;informations appel\u00e9s \u00abcookies\u00bb que le serveur envoie \u00e0 l&rsquo;ordinateur de la personne qui acc\u00e8de au site Web pour le bon fonctionnement et la visualisation des sites Web par l&rsquo;utilisateur,...","og_url":"https:\/\/humanorganizations.com\/fr\/politique-de-cookies\/","og_site_name":"Human Organizations","article_modified_time":"2019-09-18T13:58:59+00:00","twitter_card":"summary_large_image","twitter_misc":{"Dur\u00e9e de lecture estim\u00e9e":"3 minutes"},"schema":{"@context":"https:\/\/schema.org","@graph":[{"@type":"WebPage","@id":"https:\/\/humanorganizations.com\/fr\/politique-de-cookies\/","url":"https:\/\/humanorganizations.com\/fr\/politique-de-cookies\/","name":"Politique de cookies - Human Organizations","isPartOf":{"@id":"https:\/\/humanorganizations.com\/#website"},"datePublished":"2019-07-30T08:49:28+00:00","dateModified":"2019-09-18T13:58:59+00:00","breadcrumb":{"@id":"https:\/\/humanorganizations.com\/fr\/politique-de-cookies\/#breadcrumb"},"inLanguage":"fr-FR","potentialAction":[{"@type":"ReadAction","target":["https:\/\/humanorganizations.com\/fr\/politique-de-cookies\/"]}]},{"@type":"BreadcrumbList","@id":"https:\/\/humanorganizations.com\/fr\/politique-de-cookies\/#breadcrumb","itemListElement":[{"@type":"ListItem","position":1,"name":"Portada","item":"https:\/\/humanorganizations.com\/fr\/"},{"@type":"ListItem","position":2,"name":"Politique de cookies"}]},{"@type":"WebSite","@id":"https:\/\/humanorganizations.com\/#website","url":"https:\/\/humanorganizations.com\/","name":"Human Organizations","description":"","potentialAction":[{"@type":"SearchAction","target":{"@type":"EntryPoint","urlTemplate":"https:\/\/humanorganizations.com\/?s={search_term_string}"},"query-input":{"@type":"PropertyValueSpecification","valueRequired":true,"valueName":"search_term_string"}}],"inLanguage":"fr-FR"}]}},"_links":{"self":[{"href":"https:\/\/humanorganizations.com\/fr\/wp-json\/wp\/v2\/pages\/23341","targetHints":{"allow":["GET"]}}],"collection":[{"href":"https:\/\/humanorganizations.com\/fr\/wp-json\/wp\/v2\/pages"}],"about":[{"href":"https:\/\/humanorganizations.com\/fr\/wp-json\/wp\/v2\/types\/page"}],"author":[{"embeddable":true,"href":"https:\/\/humanorganizations.com\/fr\/wp-json\/wp\/v2\/users\/1"}],"replies":[{"embeddable":true,"href":"https:\/\/humanorganizations.com\/fr\/wp-json\/wp\/v2\/comments?post=23341"}],"version-history":[{"count":4,"href":"https:\/\/humanorganizations.com\/fr\/wp-json\/wp\/v2\/pages\/23341\/revisions"}],"predecessor-version":[{"id":23491,"href":"https:\/\/humanorganizations.com\/fr\/wp-json\/wp\/v2\/pages\/23341\/revisions\/23491"}],"wp:attachment":[{"href":"https:\/\/humanorganizations.com\/fr\/wp-json\/wp\/v2\/media?parent=23341"}],"curies":[{"name":"wp","href":"https:\/\/api.w.org\/{rel}","templated":true}]}}