{"id":23342,"date":"2019-07-30T09:21:42","date_gmt":"2019-07-30T09:21:42","guid":{"rendered":"https:\/\/humanorganizations.com\/politica-de-privacidad\/"},"modified":"2019-09-17T14:38:56","modified_gmt":"2019-09-17T14:38:56","slug":"politique-de-confidentialite","status":"publish","type":"page","link":"https:\/\/humanorganizations.com\/fr\/politique-de-confidentialite\/","title":{"rendered":"Politique de confidentialit\u00e9"},"content":{"rendered":"<div class=\"wpb-content-wrapper\"><p>[vc_row row_type=\u00a0\u00bbrow\u00a0\u00bb use_row_as_full_screen_section=\u00a0\u00bbno\u00a0\u00bb type=\u00a0\u00bbfull_width\u00a0\u00bb text_align=\u00a0\u00bbleft\u00a0\u00bb background_animation=\u00a0\u00bbnone\u00a0\u00bb css_animation=\u00a0\u00bb\u00a0\u00bb][vc_column][vc_column_text]<strong>INFORMATIONS SUPPL\u00c9MENTAIRES SUR NOTRE POLITIQUE DE PROTECTION DES DONN\u00c9ES<\/strong><\/p>\n<p>Questions communes \u00e0 toutes les activit\u00e9s de traitement:<\/p>\n<p><strong>Qui est responsable du traitement de vos donn\u00e9es?<\/strong><\/p>\n<p>Responsable des donn\u00e9es: Reinventing Organizations, SL<\/p>\n<p>Num\u00e9ro d&rsquo;identification fiscale: B67151613<\/p>\n<p>Adresse fiscale: Calle World Trade Center Moll de Barcelona, Edif. Sur, 2\u00aa planta, s\/n, CP 08039 Barcelona<\/p>\n<p>T\u00e9l\u00e9phone: +34676002353<\/p>\n<p>Courriel: plamagnere@humanorganizations.com<\/p>\n<p><strong>Quels sont vos droits lorsque vous nous fournissez vos donn\u00e9es?<\/strong><\/p>\n<p>Tout le monde a le droit d&rsquo;obtenir confirmation de savoir si nous traitons ou non les donn\u00e9es personnelles qui les concernent. \u00c0 cet \u00e9gard, vous avez le droit de demander:<\/p>\n<p>Acc\u00e8s: La personne qui nous fournit ses donn\u00e9es aura le droit d&rsquo;obtenir confirmation de la personne responsable du traitement des donn\u00e9es, du traitement des donn\u00e9es vous concernant, ainsi que des informations d\u00e9taill\u00e9es sur certains aspects du traitement en cours.<\/p>\n<p>Rectification: La personne qui nous fournit ses donn\u00e9es aura le droit d&rsquo;obtenir la rectification des donn\u00e9es personnelles inexactes qui la concernent ou de compl\u00e9ter celles qui \u00e9taient incompl\u00e8tes.<\/p>\n<p>Suppression: la personne qui nous fournit ses donn\u00e9es aura le droit de demander la suppression de ses donn\u00e9es personnelles. Dans tous les cas, la suppression sera soumise aux limites \u00e9tablies dans la norme de r\u00e9glementation.<\/p>\n<p>Limitation du traitement des donn\u00e9es: la personne qui nous fournit ses donn\u00e9es aura le droit de demander la limitation du traitement de ses donn\u00e9es \u00e0 caract\u00e8re personnel.<\/p>\n<p>Opposition au traitement: dans certaines circonstances et pour des raisons li\u00e9es \u00e0 leur situation particuli\u00e8re, les personnes qui nous ont fourni leurs donn\u00e9es peuvent s&rsquo;opposer \u00e0 leur traitement. L&rsquo;entit\u00e9 cessera de les traiter, sauf pour des raisons l\u00e9gitimes et imp\u00e9rieuses, ou pour l&rsquo;exercice ou la d\u00e9fense de r\u00e9clamations \u00e9ventuelles.<\/p>\n<p>Droit \u00e0 la portabilit\u00e9 de vos donn\u00e9es: la personne qui nous fournit ses donn\u00e9es aura le droit de recevoir les donn\u00e9es personnelles qui vous concernent, celles que vous avez fournies \u00e0 la personne responsable du traitement, dans un format de lecture structur\u00e9, couramment utilis\u00e9 et m\u00e9canique, ainsi que de les transmettre \u00e0 toute autre personne pouvant \u00eatre responsable du traitement.<\/p>\n<p>Vous pouvez exercer les droits susmentionn\u00e9s en vous adressant \u00e0 la personne responsable. Pour ce faire, vous pouvez utiliser les informations de contact fournies au d\u00e9but de ce document. Si vous souhaitez obtenir des informations suppl\u00e9mentaires sur l&rsquo;exercice de vos droits, vous pouvez \u00e9galement contacter l&rsquo;Agence espagnole pour la protection des donn\u00e9es (AEPD). De m\u00eame, nous vous informons que, et si vous le jugez utile, vous avez le droit de retirer \u00e0 tout moment le consentement donn\u00e9 \u00e0 une fin particuli\u00e8re, sans affecter la l\u00e9galit\u00e9 du traitement, sur la base du consentement pr\u00e9alable \u00e0 son retrait. Si vous comprenez que vos droits n\u2019ont pas \u00e9t\u00e9 correctement pris en compte, vous pouvez d\u00e9poser une plainte aupr\u00e8s de l\u2019Agence espagnole de protection des donn\u00e9es (C \/ Jorge Juan, 6 &#8211; 28001 Madrid ou <a href=\"http:\/\/www.agpd.es\">www.agpd.es<\/a>).<\/p>\n<p>Questions sp\u00e9cifiques pour chaque activit\u00e9 de traitement :<\/p>\n<p><strong>TRAITEMENT DES BR\u00c8CHES DE S\u00c9CURIT\u00c9<\/strong><\/p>\n<p><strong>Dans quel but traitons-nous vos donn\u00e9es personnelles?<\/strong><\/p>\n<p>Gestion et notification des br\u00e8ches de s\u00e9curit\u00e9.<\/p>\n<p><strong>Combien de temps allons-nous traiter vos donn\u00e9es?<\/strong><\/p>\n<p>Elles seront conserv\u00e9es pendant le temps n\u00e9cessaire pour atteindre l&rsquo;objectif pour lesquelles elles ont \u00e9t\u00e9 collect\u00e9es et pour d\u00e9terminer les responsabilit\u00e9s \u00e9ventuelles pouvant d\u00e9couler de cet objectif et du traitement des donn\u00e9es. Une fois ce d\u00e9lai \u00e9coul\u00e9, elles seront annul\u00e9es\/supprim\u00e9es d&rsquo;office.<\/p>\n<p><strong>Pourquoi traitons-nous vos donn\u00e9es?<\/strong><\/p>\n<p>Obligation l\u00e9gale du responsable.<\/p>\n<p><strong>\u00c0 quelles personnes vos donn\u00e9es seront-elles communiqu\u00e9es?<\/strong><\/p>\n<p>Autres organes de l&rsquo;administration publique.<\/p>\n<p><strong>TRAITEMENT DES COMMUNICATIONS COMMERCIALES<\/strong><\/p>\n<p><strong>Dans quel but traitons-nous vos donn\u00e9es personnelles?<\/strong><\/p>\n<p>R\u00e9aliser des actions commerciales et marketing et des communications pour informer et fid\u00e9liser les clients.<\/p>\n<p><strong>Combien de temps allons-nous traiter vos donn\u00e9es?<\/strong><\/p>\n<p>Elles seront conserv\u00e9es pendant le temps n\u00e9cessaire pour atteindre l&rsquo;objectif pour lesquelles elles ont \u00e9t\u00e9 collect\u00e9es et pour d\u00e9terminer les responsabilit\u00e9s \u00e9ventuelles pouvant d\u00e9couler de cet objectif et du traitement des donn\u00e9es. Une fois ce d\u00e9lai \u00e9coul\u00e9, elles seront annul\u00e9es \/ supprim\u00e9es d&rsquo;office.<\/p>\n<p><strong>Pourquoi traitons-nous vos donn\u00e9es?<\/strong><\/p>\n<p>Int\u00e9r\u00eat l\u00e9gitime de la partie responsable, consentement de la partie int\u00e9ress\u00e9e.<\/p>\n<p><strong>\u00c0 quelles personnes vos donn\u00e9es seront-elles communiqu\u00e9es?<\/strong><\/p>\n<p>Aucune donn\u00e9e n&rsquo;est transf\u00e9r\u00e9e \u00e0 des tiers, sauf obligations l\u00e9gales.<\/p>\n<p><strong>TRAITEMENT DES CONTACTS<\/strong><\/p>\n<p><strong>Dans quel but traitons-nous vos donn\u00e9es personnelles?<\/strong><\/p>\n<p>G\u00e9rer et r\u00e9pondre aux demandes d&rsquo;informations et de budget, ainsi que maintenir le contact, \u00e0 des fins professionnelles, avec des personnes physiques, y compris celles repr\u00e9sentant des personnes morales, avec lesquelles l&rsquo;entit\u00e9 entretient des relations.<\/p>\n<p><strong>Combien de temps allons-nous traiter vos donn\u00e9es?<\/strong><\/p>\n<p>Elles seront conserv\u00e9es pendant le temps n\u00e9cessaire pour atteindre l&rsquo;objectif pour lesquelles elles ont \u00e9t\u00e9 collect\u00e9es et pour d\u00e9terminer les responsabilit\u00e9s \u00e9ventuelles pouvant d\u00e9couler de cet objectif et du traitement des donn\u00e9es. Une fois ce d\u00e9lai \u00e9coul\u00e9, elles seront annul\u00e9es \/ supprim\u00e9es d&rsquo;office.<\/p>\n<p><strong>Pourquoi traitons-nous vos donn\u00e9es?<\/strong><\/p>\n<p>Int\u00e9r\u00eat l\u00e9gitime du responsable.<\/p>\n<p><strong>\u00c0 quelles personnes vos donn\u00e9es seront-elles communiqu\u00e9es?<\/strong><\/p>\n<p>Aucune donn\u00e9e n&rsquo;est transf\u00e9r\u00e9e \u00e0 des tiers, sauf obligations l\u00e9gales.<\/p>\n<p><strong>TRAITEMENT DE L&rsquo;EXERCICE DES DROITS<\/strong><\/p>\n<p><strong>Dans quel but traitons-nous vos donn\u00e9es personnelles?<\/strong><\/p>\n<p>Gestion de l&rsquo;exercice des droits pr\u00e9vus dans la l\u00e9gislation sur la protection des donn\u00e9es et des formulaires de plainte.<\/p>\n<p><strong>Combien de temps allons-nous traiter vos donn\u00e9es?<\/strong><\/p>\n<p>Elles seront conserv\u00e9es pendant le temps n\u00e9cessaire pour r\u00e9soudre les r\u00e9clamations.<\/p>\n<p><strong>Pourquoi traitons-nous vos donn\u00e9es?<\/strong><\/p>\n<p>Obligation l\u00e9gale du responsable.<\/p>\n<p><strong>\u00c0 quelles personnes vos donn\u00e9es seront-elles communiqu\u00e9es?<\/strong><\/p>\n<p>Autres organes de l&rsquo;administration publique.<\/p>\n<p><strong>TRAITEMENT DE PRESTATIONS DE SERVICE<\/strong><\/p>\n<p><strong>Dans quel but traitons-nous vos donn\u00e9es personnelles?<\/strong><\/p>\n<p>Prestations de nos services d\u00e9riv\u00e9s de l&rsquo;activit\u00e9. Gestion fiscale et comptable afin de respecter les obligations l\u00e9gales.<\/p>\n<p><strong>Combien de temps allons-nous traiter vos donn\u00e9es?<\/strong><\/p>\n<p>Elles seront conserv\u00e9es pendant le temps n\u00e9cessaire pour atteindre l&rsquo;objectif pour lesquelles elles ont \u00e9t\u00e9 collect\u00e9es et pour d\u00e9terminer les responsabilit\u00e9s \u00e9ventuelles pouvant d\u00e9couler de cet objectif et du traitement des donn\u00e9es. Une fois ce d\u00e9lai \u00e9coul\u00e9, elles seront annul\u00e9es \/ supprim\u00e9es d&rsquo;office<\/p>\n<p><strong>Pourquoi traitons-nous vos donn\u00e9es?<\/strong><\/p>\n<p>Relation contractuelle pour l&rsquo;ex\u00e9cution d&rsquo;un contrat.<\/p>\n<p><strong>\u00c0 quelles personnes vos donn\u00e9es seront-elles communiqu\u00e9es?<\/strong><\/p>\n<p>Administration fiscale, organisations ou personnes directement li\u00e9es au responsable.<\/p>\n<p><strong>TRAITEMENT DES FOURNISSEURS<\/strong><\/p>\n<p><strong>Dans quel but traitons-nous vos donn\u00e9es personnelles?<\/strong><\/p>\n<p>Gestion de la relation commerciale avec les fournisseurs.<\/p>\n<p><strong>Combien de temps allons-nous traiter vos donn\u00e9es?<\/strong><\/p>\n<p>Elles seront conserv\u00e9es pendant le temps n\u00e9cessaire pour atteindre l&rsquo;objectif pour lesquelles elles ont \u00e9t\u00e9 collect\u00e9es et pour d\u00e9terminer les responsabilit\u00e9s \u00e9ventuelles pouvant d\u00e9couler de cet objectif et du traitement des donn\u00e9es. Une fois ce d\u00e9lai \u00e9coul\u00e9, elles seront annul\u00e9es\/supprim\u00e9es d&rsquo;office.<\/p>\n<p><strong>Pourquoi traitons-nous vos donn\u00e9es?<\/strong><\/p>\n<p>Relation contractuelle pour l&rsquo;ex\u00e9cution d&rsquo;un contrat.<\/p>\n<p><strong>\u00c0 quelles personnes vos donn\u00e9es seront-elles communiqu\u00e9es?<\/strong><\/p>\n<p>Banques, caisses d&rsquo;\u00e9pargne et caisses d&rsquo;\u00e9pargne rurales, administration fiscale.<\/p>\n<p><strong>TRAITEMENT DES RESSOURCES HUMAINES<\/strong><\/p>\n<p><strong>Dans quel but traitons-nous vos donn\u00e9es personnelles?<\/strong><\/p>\n<p>Gestion du personnel de l&rsquo;entit\u00e9, y compris la pr\u00e9vention des risques professionnels et le contr\u00f4le du temps.<\/p>\n<p><strong>Combien de temps allons-nous traiter vos donn\u00e9es?<\/strong><\/p>\n<p>Elles seront conserv\u00e9es pendant le temps n\u00e9cessaire pour atteindre l&rsquo;objectif pour lesquelles elles ont \u00e9t\u00e9 collect\u00e9es et pour d\u00e9terminer les responsabilit\u00e9s \u00e9ventuelles pouvant d\u00e9couler de cet objectif et du traitement des donn\u00e9es. Une fois ce d\u00e9lai \u00e9coul\u00e9, elles seront annul\u00e9es \/ supprim\u00e9es d&rsquo;office.<\/p>\n<p><strong>Pourquoi traitons-nous vos donn\u00e9es?<\/strong><\/p>\n<p>Int\u00e9r\u00eat l\u00e9gitime de la partie responsable. Obligation l\u00e9gale de la partie responsable. Relation contractuelle pour l&rsquo;ex\u00e9cution d&rsquo;un contrat.<\/p>\n<p><strong>\u00c0 quelles personnes vos donn\u00e9es seront-elles communiqu\u00e9es?<\/strong><\/p>\n<p>Organisations ou personnes directement li\u00e9es au responsable, administration fiscale, organismes de s\u00e9curit\u00e9 sociale, banques, caisses d&rsquo;\u00e9pargne et caisses d&rsquo;\u00e9pargne rurales, autres organismes de l&rsquo;administration publique.<\/p>\n<p><strong>TRAITEMENT DE SELECTION DU PERSONNEL<\/strong><\/p>\n<p><strong>Dans quel but traitons-nous vos donn\u00e9es personnelles?<\/strong><\/p>\n<p>Gestion des relations avec les candidats \u00e0 un emploi dans l&rsquo;entit\u00e9.<\/p>\n<p><strong>Combien de temps allons-nous traiter vos donn\u00e9es?<\/strong><\/p>\n<p>Elles seront conserv\u00e9es pendant le temps n\u00e9cessaire pour atteindre l&rsquo;objectif pour lesquelles elles ont \u00e9t\u00e9 collect\u00e9es et pour d\u00e9terminer les responsabilit\u00e9s \u00e9ventuelles pouvant d\u00e9couler de cet objectif et du traitement des donn\u00e9es. Une fois ce d\u00e9lai \u00e9coul\u00e9, elles seront annul\u00e9es\/supprim\u00e9es d&rsquo;office.<\/p>\n<p><strong>Pourquoi traitons-nous vos donn\u00e9es?<\/strong><\/p>\n<p>Consentement de la partie int\u00e9ress\u00e9e.<\/p>\n<p><strong>\u00c0 quelles personnes vos donn\u00e9es seront-elles communiqu\u00e9es?<\/strong><\/p>\n<p>Aucune donn\u00e9e n&rsquo;est transf\u00e9r\u00e9e \u00e0 des tiers, sauf obligations l\u00e9gales.[\/vc_column_text][\/vc_column][\/vc_row]<\/p>\n<\/div>","protected":false},"excerpt":{"rendered":"<p>[vc_row row_type=\u00a0\u00bbrow\u00a0\u00bb use_row_as_full_screen_section=\u00a0\u00bbno\u00a0\u00bb type=\u00a0\u00bbfull_width\u00a0\u00bb text_align=\u00a0\u00bbleft\u00a0\u00bb background_animation=\u00a0\u00bbnone\u00a0\u00bb css_animation=\u00a0\u00bb\u00a0\u00bb][vc_column][vc_column_text]INFORMATIONS SUPPL\u00c9MENTAIRES SUR NOTRE POLITIQUE DE PROTECTION DES DONN\u00c9ES Questions communes \u00e0 toutes les activit\u00e9s de traitement: Qui est responsable du traitement de vos donn\u00e9es? Responsable des donn\u00e9es: Reinventing Organizations, SL Num\u00e9ro d&rsquo;identification fiscale: B67151613 Adresse fiscale: Calle World&#8230;<\/p>\n","protected":false},"author":1,"featured_media":0,"parent":0,"menu_order":0,"comment_status":"closed","ping_status":"closed","template":"","meta":{"_acf_changed":false,"footnotes":""},"class_list":["post-23342","page","type-page","status-publish","hentry"],"acf":[],"yoast_head":"<!-- This site is optimized with the Yoast SEO plugin v25.0 - https:\/\/yoast.com\/wordpress\/plugins\/seo\/ -->\n<title>Politique de confidentialit\u00e9 - Human Organizations<\/title>\n<meta name=\"robots\" content=\"index, follow, max-snippet:-1, max-image-preview:large, max-video-preview:-1\" \/>\n<link rel=\"canonical\" href=\"https:\/\/humanorganizations.com\/fr\/politique-de-confidentialite\/\" \/>\n<meta property=\"og:locale\" content=\"fr_FR\" \/>\n<meta property=\"og:type\" content=\"article\" \/>\n<meta property=\"og:title\" content=\"Politique de confidentialit\u00e9 - Human Organizations\" \/>\n<meta property=\"og:description\" content=\"[vc_row row_type=\u00a0\u00bbrow\u00a0\u00bb use_row_as_full_screen_section=\u00a0\u00bbno\u00a0\u00bb type=\u00a0\u00bbfull_width\u00a0\u00bb text_align=\u00a0\u00bbleft\u00a0\u00bb background_animation=\u00a0\u00bbnone\u00a0\u00bb css_animation=\u00a0\u00bb\u00a0\u00bb][vc_column][vc_column_text]INFORMATIONS SUPPL\u00c9MENTAIRES SUR NOTRE POLITIQUE DE PROTECTION DES DONN\u00c9ES Questions communes \u00e0 toutes les activit\u00e9s de traitement: Qui est responsable du traitement de vos donn\u00e9es? Responsable des donn\u00e9es: Reinventing Organizations, SL Num\u00e9ro d&rsquo;identification fiscale: B67151613 Adresse fiscale: Calle World...\" \/>\n<meta property=\"og:url\" content=\"https:\/\/humanorganizations.com\/fr\/politique-de-confidentialite\/\" \/>\n<meta property=\"og:site_name\" content=\"Human Organizations\" \/>\n<meta property=\"article:modified_time\" content=\"2019-09-17T14:38:56+00:00\" \/>\n<meta name=\"twitter:card\" content=\"summary_large_image\" \/>\n<meta name=\"twitter:label1\" content=\"Dur\u00e9e de lecture estim\u00e9e\" \/>\n\t<meta name=\"twitter:data1\" content=\"8 minutes\" \/>\n<script type=\"application\/ld+json\" class=\"yoast-schema-graph\">{\"@context\":\"https:\/\/schema.org\",\"@graph\":[{\"@type\":\"WebPage\",\"@id\":\"https:\/\/humanorganizations.com\/fr\/politique-de-confidentialite\/\",\"url\":\"https:\/\/humanorganizations.com\/fr\/politique-de-confidentialite\/\",\"name\":\"Politique de confidentialit\u00e9 - Human Organizations\",\"isPartOf\":{\"@id\":\"https:\/\/humanorganizations.com\/#website\"},\"datePublished\":\"2019-07-30T09:21:42+00:00\",\"dateModified\":\"2019-09-17T14:38:56+00:00\",\"breadcrumb\":{\"@id\":\"https:\/\/humanorganizations.com\/fr\/politique-de-confidentialite\/#breadcrumb\"},\"inLanguage\":\"fr-FR\",\"potentialAction\":[{\"@type\":\"ReadAction\",\"target\":[\"https:\/\/humanorganizations.com\/fr\/politique-de-confidentialite\/\"]}]},{\"@type\":\"BreadcrumbList\",\"@id\":\"https:\/\/humanorganizations.com\/fr\/politique-de-confidentialite\/#breadcrumb\",\"itemListElement\":[{\"@type\":\"ListItem\",\"position\":1,\"name\":\"Portada\",\"item\":\"https:\/\/humanorganizations.com\/fr\/\"},{\"@type\":\"ListItem\",\"position\":2,\"name\":\"Politique de confidentialit\u00e9\"}]},{\"@type\":\"WebSite\",\"@id\":\"https:\/\/humanorganizations.com\/#website\",\"url\":\"https:\/\/humanorganizations.com\/\",\"name\":\"Human Organizations\",\"description\":\"\",\"potentialAction\":[{\"@type\":\"SearchAction\",\"target\":{\"@type\":\"EntryPoint\",\"urlTemplate\":\"https:\/\/humanorganizations.com\/?s={search_term_string}\"},\"query-input\":{\"@type\":\"PropertyValueSpecification\",\"valueRequired\":true,\"valueName\":\"search_term_string\"}}],\"inLanguage\":\"fr-FR\"}]}<\/script>\n<!-- \/ Yoast SEO plugin. -->","yoast_head_json":{"title":"Politique de confidentialit\u00e9 - Human Organizations","robots":{"index":"index","follow":"follow","max-snippet":"max-snippet:-1","max-image-preview":"max-image-preview:large","max-video-preview":"max-video-preview:-1"},"canonical":"https:\/\/humanorganizations.com\/fr\/politique-de-confidentialite\/","og_locale":"fr_FR","og_type":"article","og_title":"Politique de confidentialit\u00e9 - Human Organizations","og_description":"[vc_row row_type=\u00a0\u00bbrow\u00a0\u00bb use_row_as_full_screen_section=\u00a0\u00bbno\u00a0\u00bb type=\u00a0\u00bbfull_width\u00a0\u00bb text_align=\u00a0\u00bbleft\u00a0\u00bb background_animation=\u00a0\u00bbnone\u00a0\u00bb css_animation=\u00a0\u00bb\u00a0\u00bb][vc_column][vc_column_text]INFORMATIONS SUPPL\u00c9MENTAIRES SUR NOTRE POLITIQUE DE PROTECTION DES DONN\u00c9ES Questions communes \u00e0 toutes les activit\u00e9s de traitement: Qui est responsable du traitement de vos donn\u00e9es? Responsable des donn\u00e9es: Reinventing Organizations, SL Num\u00e9ro d&rsquo;identification fiscale: B67151613 Adresse fiscale: Calle World...","og_url":"https:\/\/humanorganizations.com\/fr\/politique-de-confidentialite\/","og_site_name":"Human Organizations","article_modified_time":"2019-09-17T14:38:56+00:00","twitter_card":"summary_large_image","twitter_misc":{"Dur\u00e9e de lecture estim\u00e9e":"8 minutes"},"schema":{"@context":"https:\/\/schema.org","@graph":[{"@type":"WebPage","@id":"https:\/\/humanorganizations.com\/fr\/politique-de-confidentialite\/","url":"https:\/\/humanorganizations.com\/fr\/politique-de-confidentialite\/","name":"Politique de confidentialit\u00e9 - Human Organizations","isPartOf":{"@id":"https:\/\/humanorganizations.com\/#website"},"datePublished":"2019-07-30T09:21:42+00:00","dateModified":"2019-09-17T14:38:56+00:00","breadcrumb":{"@id":"https:\/\/humanorganizations.com\/fr\/politique-de-confidentialite\/#breadcrumb"},"inLanguage":"fr-FR","potentialAction":[{"@type":"ReadAction","target":["https:\/\/humanorganizations.com\/fr\/politique-de-confidentialite\/"]}]},{"@type":"BreadcrumbList","@id":"https:\/\/humanorganizations.com\/fr\/politique-de-confidentialite\/#breadcrumb","itemListElement":[{"@type":"ListItem","position":1,"name":"Portada","item":"https:\/\/humanorganizations.com\/fr\/"},{"@type":"ListItem","position":2,"name":"Politique de confidentialit\u00e9"}]},{"@type":"WebSite","@id":"https:\/\/humanorganizations.com\/#website","url":"https:\/\/humanorganizations.com\/","name":"Human Organizations","description":"","potentialAction":[{"@type":"SearchAction","target":{"@type":"EntryPoint","urlTemplate":"https:\/\/humanorganizations.com\/?s={search_term_string}"},"query-input":{"@type":"PropertyValueSpecification","valueRequired":true,"valueName":"search_term_string"}}],"inLanguage":"fr-FR"}]}},"_links":{"self":[{"href":"https:\/\/humanorganizations.com\/fr\/wp-json\/wp\/v2\/pages\/23342","targetHints":{"allow":["GET"]}}],"collection":[{"href":"https:\/\/humanorganizations.com\/fr\/wp-json\/wp\/v2\/pages"}],"about":[{"href":"https:\/\/humanorganizations.com\/fr\/wp-json\/wp\/v2\/types\/page"}],"author":[{"embeddable":true,"href":"https:\/\/humanorganizations.com\/fr\/wp-json\/wp\/v2\/users\/1"}],"replies":[{"embeddable":true,"href":"https:\/\/humanorganizations.com\/fr\/wp-json\/wp\/v2\/comments?post=23342"}],"version-history":[{"count":3,"href":"https:\/\/humanorganizations.com\/fr\/wp-json\/wp\/v2\/pages\/23342\/revisions"}],"predecessor-version":[{"id":23456,"href":"https:\/\/humanorganizations.com\/fr\/wp-json\/wp\/v2\/pages\/23342\/revisions\/23456"}],"wp:attachment":[{"href":"https:\/\/humanorganizations.com\/fr\/wp-json\/wp\/v2\/media?parent=23342"}],"curies":[{"name":"wp","href":"https:\/\/api.w.org\/{rel}","templated":true}]}}